{"id":51,"date":"2014-04-26T23:24:45","date_gmt":"2014-04-26T23:24:45","guid":{"rendered":"http:\/\/www.erfolgsprofil.ch\/home\/?page_id=51"},"modified":"2014-05-15T14:12:28","modified_gmt":"2014-05-15T14:12:28","slug":"disclaimer","status":"publish","type":"page","link":"http:\/\/www.erfolgsprofil.ch\/home\/disclaimer\/","title":{"rendered":"Disclaimer"},"content":{"rendered":"<p style=\"font-size: 14pt;\"><span style=\"color: #000000;\">\u00a0<\/span><\/p>\n<p style=\"font-size: 14pt;\"><span style=\"color: #000000;\">\u00a0<\/span><\/p>\n<ol>\n<li><span style=\"font-size: 24pt; color: #000000;\"><strong>Inhalt<\/strong><\/span><\/li>\n<\/ol>\n<p style=\"font-size: 14pt;\"><span style=\"color: #000000;\">\u00a0<\/span><\/p>\n<ol>\n<li><span style=\"font-size: 24pt; color: #000000;\"><strong>Haftung<\/strong><\/span><\/li>\n<\/ol>\n<p style=\"font-size: 14pt;\"><span style=\"color: #000000;\">\u00a0<\/span><\/p>\n<ol>\n<li><span style=\"font-size: 24pt; color: #000000;\"><strong>Verweise\/ Links<\/strong><\/span><\/li>\n<\/ol>\n<p><span style=\"color: #000000;\">\u00a0<\/span><\/p>\n<p><span style=\"color: #000000;\">\u00a0<\/span><\/p>\n<ol>\n<li><span style=\"font-size: 18pt; color: #000000;\"><span style=\"font-size: 18pt;\">Die Inhalte dieser Website wurden mit grosser Sorgfalt erstellt. Der Inhalt dient in erster Linie zur Information f\u00fcr Interessierte. Die Informationen k\u00f6nnen jederzeit ohne Vorank\u00fcndigung aktualisiert, erg\u00e4nzt oder ver\u00e4ndert werden.<\/span><\/span>\n<p><span style=\"color: #000000;\">\u00a0<\/span><\/p>\n<\/li>\n<li><span style=\"font-size: 18pt; color: #000000;\"><span style=\"font-size: 18pt;\">F\u00fcr die Richtigkeit, Vollst\u00e4ndigkeit und Aktualit\u00e4t der Inhalte kann keine Gew\u00e4hr \u00fcbernommen werden. Die Nutzung dieser Homepage erfolgt auf eigene Verantwortung. Daher wird jede Haftung aufgrund Sch\u00e4den materieller oder nichtmaterieller Natur abgelehnt.<\/span><\/span>\n<p><span style=\"color: #000000;\">\u00a0<\/span><\/p>\n<\/li>\n<li><span style=\"font-size: 18pt; color: #000000;\">Der Einfluss auf den Inhalt verlinkter Seiten liegt ausserhalb unseres Verantwortungsbereichs. S\u00e4mtliche Verlinkungen werden auf eigene Gefahr genutzt und daher wird jede Haftung abgelehnt.<\/span><\/li>\n<\/ol>\n<p style=\"font-size: 14pt;\">\u00a0<\/p>\n","protected":false},"excerpt":{"rendered":"<p>\u00a0 \u00a0 Inhalt \u00a0 Haftung \u00a0 Verweise\/ Links \u00a0 \u00a0 Die Inhalte dieser Website wurden mit grosser Sorgfalt erstellt. Der Inhalt dient in erster Linie zur Information f\u00fcr Interessierte. Die Informationen k\u00f6nnen jederzeit ohne Vorank\u00fcndigung aktualisiert, erg\u00e4nzt oder ver\u00e4ndert werden. \u00a0 F\u00fcr die Richtigkeit, Vollst\u00e4ndigkeit und Aktualit\u00e4t der Inhalte kann keine Gew\u00e4hr \u00fcbernommen werden. Die&#8230;<\/p>\n","protected":false},"author":2,"featured_media":0,"parent":0,"menu_order":0,"comment_status":"closed","ping_status":"closed","template":"nosidebar.php","meta":{"footnotes":""},"class_list":["post-51","page","type-page","status-publish","hentry"],"yoast_head":"<!-- This site is optimized with the Yoast SEO plugin v27.6 - https:\/\/yoast.com\/product\/yoast-seo-wordpress\/ -->\n<title>Disclaimer - Ihr Profil zum Erfolg!<\/title>\n<meta name=\"robots\" content=\"index, follow, max-snippet:-1, max-image-preview:large, max-video-preview:-1\" \/>\n<link rel=\"canonical\" href=\"http:\/\/www.erfolgsprofil.ch\/home\/disclaimer\/\" \/>\n<meta property=\"og:locale\" content=\"de_DE\" \/>\n<meta property=\"og:type\" content=\"article\" \/>\n<meta property=\"og:title\" content=\"Disclaimer - Ihr Profil zum Erfolg!\" \/>\n<meta property=\"og:description\" content=\"\u00a0 \u00a0 Inhalt \u00a0 Haftung \u00a0 Verweise\/ Links \u00a0 \u00a0 Die Inhalte dieser Website wurden mit grosser Sorgfalt erstellt. Der Inhalt dient in erster Linie zur Information f\u00fcr Interessierte. Die Informationen k\u00f6nnen jederzeit ohne Vorank\u00fcndigung aktualisiert, erg\u00e4nzt oder ver\u00e4ndert werden. \u00a0 F\u00fcr die Richtigkeit, Vollst\u00e4ndigkeit und Aktualit\u00e4t der Inhalte kann keine Gew\u00e4hr \u00fcbernommen werden. Die...\" \/>\n<meta property=\"og:url\" content=\"http:\/\/www.erfolgsprofil.ch\/home\/disclaimer\/\" \/>\n<meta property=\"og:site_name\" content=\"Ihr Profil zum Erfolg!\" \/>\n<meta property=\"article:modified_time\" content=\"2014-05-15T14:12:28+00:00\" \/>\n<meta name=\"twitter:label1\" content=\"Est. reading time\" \/>\n\t<meta name=\"twitter:data1\" content=\"1 Minute\" \/>\n<script type=\"application\/ld+json\" class=\"yoast-schema-graph\">{\"@context\":\"https:\\\/\\\/schema.org\",\"@graph\":[{\"@type\":\"WebPage\",\"@id\":\"http:\\\/\\\/www.erfolgsprofil.ch\\\/home\\\/disclaimer\\\/\",\"url\":\"http:\\\/\\\/www.erfolgsprofil.ch\\\/home\\\/disclaimer\\\/\",\"name\":\"Disclaimer - Ihr Profil zum Erfolg!\",\"isPartOf\":{\"@id\":\"http:\\\/\\\/www.erfolgsprofil.ch\\\/home\\\/#website\"},\"datePublished\":\"2014-04-26T23:24:45+00:00\",\"dateModified\":\"2014-05-15T14:12:28+00:00\",\"breadcrumb\":{\"@id\":\"http:\\\/\\\/www.erfolgsprofil.ch\\\/home\\\/disclaimer\\\/#breadcrumb\"},\"inLanguage\":\"de-DE\",\"potentialAction\":[{\"@type\":\"ReadAction\",\"target\":[\"http:\\\/\\\/www.erfolgsprofil.ch\\\/home\\\/disclaimer\\\/\"]}]},{\"@type\":\"BreadcrumbList\",\"@id\":\"http:\\\/\\\/www.erfolgsprofil.ch\\\/home\\\/disclaimer\\\/#breadcrumb\",\"itemListElement\":[{\"@type\":\"ListItem\",\"position\":1,\"name\":\"Home\",\"item\":\"http:\\\/\\\/www.erfolgsprofil.ch\\\/home\\\/\"},{\"@type\":\"ListItem\",\"position\":2,\"name\":\"Disclaimer\"}]},{\"@type\":\"WebSite\",\"@id\":\"http:\\\/\\\/www.erfolgsprofil.ch\\\/home\\\/#website\",\"url\":\"http:\\\/\\\/www.erfolgsprofil.ch\\\/home\\\/\",\"name\":\"Ihr Profil zum Erfolg!\",\"description\":\"Ihr Leben, Ihre Entscheidung - Ihr Profil zum Erfolg!\",\"potentialAction\":[{\"@type\":\"SearchAction\",\"target\":{\"@type\":\"EntryPoint\",\"urlTemplate\":\"http:\\\/\\\/www.erfolgsprofil.ch\\\/home\\\/?s={search_term_string}\"},\"query-input\":{\"@type\":\"PropertyValueSpecification\",\"valueRequired\":true,\"valueName\":\"search_term_string\"}}],\"inLanguage\":\"de-DE\"}]}<\/script>\n<!-- \/ Yoast SEO plugin. -->","yoast_head_json":{"title":"Disclaimer - Ihr Profil zum Erfolg!","robots":{"index":"index","follow":"follow","max-snippet":"max-snippet:-1","max-image-preview":"max-image-preview:large","max-video-preview":"max-video-preview:-1"},"canonical":"http:\/\/www.erfolgsprofil.ch\/home\/disclaimer\/","og_locale":"de_DE","og_type":"article","og_title":"Disclaimer - Ihr Profil zum Erfolg!","og_description":"\u00a0 \u00a0 Inhalt \u00a0 Haftung \u00a0 Verweise\/ Links \u00a0 \u00a0 Die Inhalte dieser Website wurden mit grosser Sorgfalt erstellt. Der Inhalt dient in erster Linie zur Information f\u00fcr Interessierte. Die Informationen k\u00f6nnen jederzeit ohne Vorank\u00fcndigung aktualisiert, erg\u00e4nzt oder ver\u00e4ndert werden. \u00a0 F\u00fcr die Richtigkeit, Vollst\u00e4ndigkeit und Aktualit\u00e4t der Inhalte kann keine Gew\u00e4hr \u00fcbernommen werden. Die...","og_url":"http:\/\/www.erfolgsprofil.ch\/home\/disclaimer\/","og_site_name":"Ihr Profil zum Erfolg!","article_modified_time":"2014-05-15T14:12:28+00:00","twitter_misc":{"Est. reading time":"1 Minute"},"schema":{"@context":"https:\/\/schema.org","@graph":[{"@type":"WebPage","@id":"http:\/\/www.erfolgsprofil.ch\/home\/disclaimer\/","url":"http:\/\/www.erfolgsprofil.ch\/home\/disclaimer\/","name":"Disclaimer - Ihr Profil zum Erfolg!","isPartOf":{"@id":"http:\/\/www.erfolgsprofil.ch\/home\/#website"},"datePublished":"2014-04-26T23:24:45+00:00","dateModified":"2014-05-15T14:12:28+00:00","breadcrumb":{"@id":"http:\/\/www.erfolgsprofil.ch\/home\/disclaimer\/#breadcrumb"},"inLanguage":"de-DE","potentialAction":[{"@type":"ReadAction","target":["http:\/\/www.erfolgsprofil.ch\/home\/disclaimer\/"]}]},{"@type":"BreadcrumbList","@id":"http:\/\/www.erfolgsprofil.ch\/home\/disclaimer\/#breadcrumb","itemListElement":[{"@type":"ListItem","position":1,"name":"Home","item":"http:\/\/www.erfolgsprofil.ch\/home\/"},{"@type":"ListItem","position":2,"name":"Disclaimer"}]},{"@type":"WebSite","@id":"http:\/\/www.erfolgsprofil.ch\/home\/#website","url":"http:\/\/www.erfolgsprofil.ch\/home\/","name":"Ihr Profil zum Erfolg!","description":"Ihr Leben, Ihre Entscheidung - Ihr Profil zum Erfolg!","potentialAction":[{"@type":"SearchAction","target":{"@type":"EntryPoint","urlTemplate":"http:\/\/www.erfolgsprofil.ch\/home\/?s={search_term_string}"},"query-input":{"@type":"PropertyValueSpecification","valueRequired":true,"valueName":"search_term_string"}}],"inLanguage":"de-DE"}]}},"_links":{"self":[{"href":"http:\/\/www.erfolgsprofil.ch\/home\/wp-json\/wp\/v2\/pages\/51","targetHints":{"allow":["GET"]}}],"collection":[{"href":"http:\/\/www.erfolgsprofil.ch\/home\/wp-json\/wp\/v2\/pages"}],"about":[{"href":"http:\/\/www.erfolgsprofil.ch\/home\/wp-json\/wp\/v2\/types\/page"}],"author":[{"embeddable":true,"href":"http:\/\/www.erfolgsprofil.ch\/home\/wp-json\/wp\/v2\/users\/2"}],"replies":[{"embeddable":true,"href":"http:\/\/www.erfolgsprofil.ch\/home\/wp-json\/wp\/v2\/comments?post=51"}],"version-history":[{"count":5,"href":"http:\/\/www.erfolgsprofil.ch\/home\/wp-json\/wp\/v2\/pages\/51\/revisions"}],"predecessor-version":[{"id":257,"href":"http:\/\/www.erfolgsprofil.ch\/home\/wp-json\/wp\/v2\/pages\/51\/revisions\/257"}],"wp:attachment":[{"href":"http:\/\/www.erfolgsprofil.ch\/home\/wp-json\/wp\/v2\/media?parent=51"}],"curies":[{"name":"wp","href":"https:\/\/api.w.org\/{rel}","templated":true}]}}