{"id":219,"date":"2014-05-06T18:50:29","date_gmt":"2014-05-06T18:50:29","guid":{"rendered":"http:\/\/www.erfolgsprofil.ch\/home\/?page_id=219"},"modified":"2014-06-13T12:25:44","modified_gmt":"2014-06-13T12:25:44","slug":"kundenmeinungen","status":"publish","type":"page","link":"http:\/\/www.erfolgsprofil.ch\/home\/kundenmeinungen\/","title":{"rendered":"Kundenmeinungen"},"content":{"rendered":"<p>&nbsp;<\/p>\n<figure id=\"attachment_313\" aria-describedby=\"caption-attachment-313\" style=\"width: 770px\" class=\"wp-caption alignnone\"><a href=\"http:\/\/www.erfolgsprofil.ch\/home\/wp-content\/uploads\/2014\/05\/kunden.jpg\"><img loading=\"lazy\" decoding=\"async\" class=\"wp-image-313 size-full\" src=\"http:\/\/www.erfolgsprofil.ch\/home\/wp-content\/uploads\/2014\/05\/kunden.jpg\" alt=\"\" width=\"770\" height=\"264\" srcset=\"http:\/\/www.erfolgsprofil.ch\/home\/wp-content\/uploads\/2014\/05\/kunden.jpg 770w, http:\/\/www.erfolgsprofil.ch\/home\/wp-content\/uploads\/2014\/05\/kunden-300x102.jpg 300w\" sizes=\"auto, (max-width: 770px) 100vw, 770px\" \/><\/a><figcaption id=\"caption-attachment-313\" class=\"wp-caption-text\">Bilderquelle: Renate Graf<\/figcaption><\/figure>\n<p>&nbsp;<\/p>\n<p><span style=\"font-size: 18pt; color: #000000;\">&#8222;Dank dem Erfolgsprofil hatte ich einige Aha-Erlebnisse.&#8220; <\/span><\/p>\n<p style=\"text-align: justify;\"><em><span style=\"font-size: 18pt;\">(Reto M. Zurfl\u00fch, Ausbilder Berater Coach)<\/span><\/em><\/p>\n<p style=\"text-align: center;\">************<\/p>\n<p style=\"text-align: justify;\">\u00a0<span style=\"font-size: 18pt; color: #000000;\">&#8222;Haider hat dank seiner (erst recht f\u00fcr sein Alter) extrem ausgepr\u00e4gten Bewusstheit die seltene F\u00e4higkeit, <\/span><br \/><span style=\"font-size: 18pt; color: #000000;\">einen Menschen schnell und wesentlich zu sehen &#8211; und zu f\u00fchlen, was ihm gut tut. <\/span><\/p>\n<p style=\"text-align: justify;\"><span style=\"font-size: 18pt; color: #000000;\">Dann erfindet oder benutzt er Methoden und Tools, <\/span><span style=\"font-size: 18pt; color: #000000;\">die sofort tief an den richtigen Hebelpunkten ansetzen und macht es einem <\/span><span style=\"font-size: 18pt; color: #000000;\">mit seiner wohlgesonnenen, entspannten, ruhigen Art leicht, <\/span><span style=\"font-size: 18pt; color: #000000;\">ihm zu folgen, sich ganz einfach einzulassen &#8211; <\/span><span style=\"font-size: 18pt; color: #000000;\">und der Rest tut nur noch gut.\u00a0 \ud83d\ude42<\/span><\/p>\n<p style=\"text-align: justify;\"><span style=\"font-size: 18pt; color: #000000;\">Haider Khan geh\u00f6rt zu den beeindruckendsten Pers\u00f6nlichkeiten, die ich kenne <\/span><span style=\"font-size: 18pt; color: #000000;\">im Bereich tiefgehendes pers\u00f6nliches Coaching, das schnell zum Wesentlichen f\u00fchrt.&#8220;<\/span><\/p>\n<p><em><span style=\"font-size: 18pt;\">Holger Eckstein, Gr\u00fcnder von <a href=\"http:\/\/www.mymission.de\/\" target=\"_blank\">My Mission<\/a>, <br \/>Autor von <a href=\"http:\/\/www.lebedeinemission.com\/\" target=\"_blank\">Lebe Deine Mission<\/a><\/span><\/em><\/p>\n<p style=\"text-align: center;\">\u00a0************<\/p>\n<p style=\"text-align: justify;\">&#8222;<span style=\"font-size: 18pt; color: #000000;\">Mein pers\u00f6nliches Erfolgsprofil war der entscheidende Faktor, um meine Ideen endlich tatkr\u00e4ftig umzusetzen! Ich kann es nur weiterempfehlen!&#8220; <\/span><\/p>\n<p><em><span style=\"font-size: 18pt;\">Renate Graf, Untersiggenthal<\/span><\/em><\/p>\n","protected":false},"excerpt":{"rendered":"<p>&nbsp; &nbsp; &#8222;Dank dem Erfolgsprofil hatte ich einige Aha-Erlebnisse.&#8220; (Reto M. Zurfl\u00fch, Ausbilder Berater Coach) ************ \u00a0&#8222;Haider hat dank seiner (erst recht f\u00fcr sein Alter) extrem ausgepr\u00e4gten Bewusstheit die seltene F\u00e4higkeit, einen Menschen schnell und wesentlich zu sehen &#8211; und zu f\u00fchlen, was ihm gut tut. Dann erfindet oder benutzt er Methoden und Tools, die&#8230;<\/p>\n","protected":false},"author":2,"featured_media":0,"parent":0,"menu_order":0,"comment_status":"closed","ping_status":"closed","template":"nosidebar.php","meta":{"footnotes":""},"class_list":["post-219","page","type-page","status-publish","hentry"],"yoast_head":"<!-- This site is optimized with the Yoast SEO plugin v27.6 - https:\/\/yoast.com\/product\/yoast-seo-wordpress\/ -->\n<title>Kundenmeinungen - Ihr Profil zum Erfolg!<\/title>\n<meta name=\"description\" content=\"Wie hilft das Erfolgsprofil den Menschen, ihren Weg zum Erfolg zu entdecken? In der Rubrik Kundenmeinungen k\u00f6nnen Sie die Erfahrungen nachlesen und Ihre ersten Eindr\u00fccke gewinnen.\" \/>\n<meta name=\"robots\" content=\"index, follow, max-snippet:-1, max-image-preview:large, max-video-preview:-1\" \/>\n<link rel=\"canonical\" href=\"http:\/\/www.erfolgsprofil.ch\/home\/kundenmeinungen\/\" \/>\n<meta property=\"og:locale\" content=\"de_DE\" \/>\n<meta property=\"og:type\" content=\"article\" \/>\n<meta property=\"og:title\" content=\"Kundenmeinungen - Ihr Profil zum Erfolg!\" \/>\n<meta property=\"og:description\" content=\"Wie hilft das Erfolgsprofil den Menschen, ihren Weg zum Erfolg zu entdecken? In der Rubrik Kundenmeinungen k\u00f6nnen Sie die Erfahrungen nachlesen und Ihre ersten Eindr\u00fccke gewinnen.\" \/>\n<meta property=\"og:url\" content=\"http:\/\/www.erfolgsprofil.ch\/home\/kundenmeinungen\/\" \/>\n<meta property=\"og:site_name\" content=\"Ihr Profil zum Erfolg!\" \/>\n<meta property=\"article:modified_time\" content=\"2014-06-13T12:25:44+00:00\" \/>\n<meta property=\"og:image\" content=\"http:\/\/www.erfolgsprofil.ch\/home\/wp-content\/uploads\/2014\/05\/kunden.jpg\" \/>\n<meta name=\"twitter:label1\" content=\"Est. reading time\" \/>\n\t<meta name=\"twitter:data1\" content=\"1 Minute\" \/>\n<script type=\"application\/ld+json\" class=\"yoast-schema-graph\">{\"@context\":\"https:\\\/\\\/schema.org\",\"@graph\":[{\"@type\":\"WebPage\",\"@id\":\"http:\\\/\\\/www.erfolgsprofil.ch\\\/home\\\/kundenmeinungen\\\/\",\"url\":\"http:\\\/\\\/www.erfolgsprofil.ch\\\/home\\\/kundenmeinungen\\\/\",\"name\":\"Kundenmeinungen - Ihr Profil zum Erfolg!\",\"isPartOf\":{\"@id\":\"http:\\\/\\\/www.erfolgsprofil.ch\\\/home\\\/#website\"},\"primaryImageOfPage\":{\"@id\":\"http:\\\/\\\/www.erfolgsprofil.ch\\\/home\\\/kundenmeinungen\\\/#primaryimage\"},\"image\":{\"@id\":\"http:\\\/\\\/www.erfolgsprofil.ch\\\/home\\\/kundenmeinungen\\\/#primaryimage\"},\"thumbnailUrl\":\"http:\\\/\\\/www.erfolgsprofil.ch\\\/home\\\/wp-content\\\/uploads\\\/2014\\\/05\\\/kunden.jpg\",\"datePublished\":\"2014-05-06T18:50:29+00:00\",\"dateModified\":\"2014-06-13T12:25:44+00:00\",\"description\":\"Wie hilft das Erfolgsprofil den Menschen, ihren Weg zum Erfolg zu entdecken? In der Rubrik Kundenmeinungen k\u00f6nnen Sie die Erfahrungen nachlesen und Ihre ersten Eindr\u00fccke gewinnen.\",\"breadcrumb\":{\"@id\":\"http:\\\/\\\/www.erfolgsprofil.ch\\\/home\\\/kundenmeinungen\\\/#breadcrumb\"},\"inLanguage\":\"de-DE\",\"potentialAction\":[{\"@type\":\"ReadAction\",\"target\":[\"http:\\\/\\\/www.erfolgsprofil.ch\\\/home\\\/kundenmeinungen\\\/\"]}]},{\"@type\":\"ImageObject\",\"inLanguage\":\"de-DE\",\"@id\":\"http:\\\/\\\/www.erfolgsprofil.ch\\\/home\\\/kundenmeinungen\\\/#primaryimage\",\"url\":\"http:\\\/\\\/www.erfolgsprofil.ch\\\/home\\\/wp-content\\\/uploads\\\/2014\\\/05\\\/kunden.jpg\",\"contentUrl\":\"http:\\\/\\\/www.erfolgsprofil.ch\\\/home\\\/wp-content\\\/uploads\\\/2014\\\/05\\\/kunden.jpg\",\"width\":770,\"height\":264,\"caption\":\"Bilderquelle: Renate Graf\"},{\"@type\":\"BreadcrumbList\",\"@id\":\"http:\\\/\\\/www.erfolgsprofil.ch\\\/home\\\/kundenmeinungen\\\/#breadcrumb\",\"itemListElement\":[{\"@type\":\"ListItem\",\"position\":1,\"name\":\"Home\",\"item\":\"http:\\\/\\\/www.erfolgsprofil.ch\\\/home\\\/\"},{\"@type\":\"ListItem\",\"position\":2,\"name\":\"Kundenmeinungen\"}]},{\"@type\":\"WebSite\",\"@id\":\"http:\\\/\\\/www.erfolgsprofil.ch\\\/home\\\/#website\",\"url\":\"http:\\\/\\\/www.erfolgsprofil.ch\\\/home\\\/\",\"name\":\"Ihr Profil zum Erfolg!\",\"description\":\"Ihr Leben, Ihre Entscheidung - Ihr Profil zum Erfolg!\",\"potentialAction\":[{\"@type\":\"SearchAction\",\"target\":{\"@type\":\"EntryPoint\",\"urlTemplate\":\"http:\\\/\\\/www.erfolgsprofil.ch\\\/home\\\/?s={search_term_string}\"},\"query-input\":{\"@type\":\"PropertyValueSpecification\",\"valueRequired\":true,\"valueName\":\"search_term_string\"}}],\"inLanguage\":\"de-DE\"}]}<\/script>\n<!-- \/ Yoast SEO plugin. -->","yoast_head_json":{"title":"Kundenmeinungen - Ihr Profil zum Erfolg!","description":"Wie hilft das Erfolgsprofil den Menschen, ihren Weg zum Erfolg zu entdecken? In der Rubrik Kundenmeinungen k\u00f6nnen Sie die Erfahrungen nachlesen und Ihre ersten Eindr\u00fccke gewinnen.","robots":{"index":"index","follow":"follow","max-snippet":"max-snippet:-1","max-image-preview":"max-image-preview:large","max-video-preview":"max-video-preview:-1"},"canonical":"http:\/\/www.erfolgsprofil.ch\/home\/kundenmeinungen\/","og_locale":"de_DE","og_type":"article","og_title":"Kundenmeinungen - Ihr Profil zum Erfolg!","og_description":"Wie hilft das Erfolgsprofil den Menschen, ihren Weg zum Erfolg zu entdecken? In der Rubrik Kundenmeinungen k\u00f6nnen Sie die Erfahrungen nachlesen und Ihre ersten Eindr\u00fccke gewinnen.","og_url":"http:\/\/www.erfolgsprofil.ch\/home\/kundenmeinungen\/","og_site_name":"Ihr Profil zum Erfolg!","article_modified_time":"2014-06-13T12:25:44+00:00","og_image":[{"url":"http:\/\/www.erfolgsprofil.ch\/home\/wp-content\/uploads\/2014\/05\/kunden.jpg","type":"","width":"","height":""}],"twitter_misc":{"Est. reading time":"1 Minute"},"schema":{"@context":"https:\/\/schema.org","@graph":[{"@type":"WebPage","@id":"http:\/\/www.erfolgsprofil.ch\/home\/kundenmeinungen\/","url":"http:\/\/www.erfolgsprofil.ch\/home\/kundenmeinungen\/","name":"Kundenmeinungen - Ihr Profil zum Erfolg!","isPartOf":{"@id":"http:\/\/www.erfolgsprofil.ch\/home\/#website"},"primaryImageOfPage":{"@id":"http:\/\/www.erfolgsprofil.ch\/home\/kundenmeinungen\/#primaryimage"},"image":{"@id":"http:\/\/www.erfolgsprofil.ch\/home\/kundenmeinungen\/#primaryimage"},"thumbnailUrl":"http:\/\/www.erfolgsprofil.ch\/home\/wp-content\/uploads\/2014\/05\/kunden.jpg","datePublished":"2014-05-06T18:50:29+00:00","dateModified":"2014-06-13T12:25:44+00:00","description":"Wie hilft das Erfolgsprofil den Menschen, ihren Weg zum Erfolg zu entdecken? In der Rubrik Kundenmeinungen k\u00f6nnen Sie die Erfahrungen nachlesen und Ihre ersten Eindr\u00fccke gewinnen.","breadcrumb":{"@id":"http:\/\/www.erfolgsprofil.ch\/home\/kundenmeinungen\/#breadcrumb"},"inLanguage":"de-DE","potentialAction":[{"@type":"ReadAction","target":["http:\/\/www.erfolgsprofil.ch\/home\/kundenmeinungen\/"]}]},{"@type":"ImageObject","inLanguage":"de-DE","@id":"http:\/\/www.erfolgsprofil.ch\/home\/kundenmeinungen\/#primaryimage","url":"http:\/\/www.erfolgsprofil.ch\/home\/wp-content\/uploads\/2014\/05\/kunden.jpg","contentUrl":"http:\/\/www.erfolgsprofil.ch\/home\/wp-content\/uploads\/2014\/05\/kunden.jpg","width":770,"height":264,"caption":"Bilderquelle: Renate Graf"},{"@type":"BreadcrumbList","@id":"http:\/\/www.erfolgsprofil.ch\/home\/kundenmeinungen\/#breadcrumb","itemListElement":[{"@type":"ListItem","position":1,"name":"Home","item":"http:\/\/www.erfolgsprofil.ch\/home\/"},{"@type":"ListItem","position":2,"name":"Kundenmeinungen"}]},{"@type":"WebSite","@id":"http:\/\/www.erfolgsprofil.ch\/home\/#website","url":"http:\/\/www.erfolgsprofil.ch\/home\/","name":"Ihr Profil zum Erfolg!","description":"Ihr Leben, Ihre Entscheidung - Ihr Profil zum Erfolg!","potentialAction":[{"@type":"SearchAction","target":{"@type":"EntryPoint","urlTemplate":"http:\/\/www.erfolgsprofil.ch\/home\/?s={search_term_string}"},"query-input":{"@type":"PropertyValueSpecification","valueRequired":true,"valueName":"search_term_string"}}],"inLanguage":"de-DE"}]}},"_links":{"self":[{"href":"http:\/\/www.erfolgsprofil.ch\/home\/wp-json\/wp\/v2\/pages\/219","targetHints":{"allow":["GET"]}}],"collection":[{"href":"http:\/\/www.erfolgsprofil.ch\/home\/wp-json\/wp\/v2\/pages"}],"about":[{"href":"http:\/\/www.erfolgsprofil.ch\/home\/wp-json\/wp\/v2\/types\/page"}],"author":[{"embeddable":true,"href":"http:\/\/www.erfolgsprofil.ch\/home\/wp-json\/wp\/v2\/users\/2"}],"replies":[{"embeddable":true,"href":"http:\/\/www.erfolgsprofil.ch\/home\/wp-json\/wp\/v2\/comments?post=219"}],"version-history":[{"count":22,"href":"http:\/\/www.erfolgsprofil.ch\/home\/wp-json\/wp\/v2\/pages\/219\/revisions"}],"predecessor-version":[{"id":315,"href":"http:\/\/www.erfolgsprofil.ch\/home\/wp-json\/wp\/v2\/pages\/219\/revisions\/315"}],"wp:attachment":[{"href":"http:\/\/www.erfolgsprofil.ch\/home\/wp-json\/wp\/v2\/media?parent=219"}],"curies":[{"name":"wp","href":"https:\/\/api.w.org\/{rel}","templated":true}]}}