{"id":152,"date":"2014-05-04T16:14:13","date_gmt":"2014-05-04T16:14:13","guid":{"rendered":"http:\/\/www.erfolgsprofil.ch\/home\/?page_id=152"},"modified":"2014-06-12T17:33:17","modified_gmt":"2014-06-12T17:33:17","slug":"dienstleistung","status":"publish","type":"page","link":"http:\/\/www.erfolgsprofil.ch\/home\/dienstleistung\/","title":{"rendered":"Dienstleistung"},"content":{"rendered":"<p><span style=\"font-size: 18pt; color: #000000;\">Sie sind an einem Punkt angelangt, an dem Sie etwas ver\u00e4ndern m\u00f6chten! Das bedeutet, Sie sind ein Mensch, der die F\u00e4den seines Geschicks selbst in die Hand nimmt und aktiv agiert. Sch\u00e4tzen Sie sich gl\u00fccklich \u00fcber diese agile Lebenshaltung!<\/span><\/p>\n<p>&nbsp;<\/p>\n<p><span style=\"font-size: 18pt;\"><span style=\"color: #000000;\">Bei einem pers\u00f6nlichen Termin analysieren wir gemeinsam, welche Eigenschaften und St\u00e4rken bei Ihnen in verschiedenen Situationen interagieren. Wesentlich ist auch der Blick auf die Vorg\u00e4nge die im Hintergrund wirken. Das Augenmerk wird auch auf jene Wesensz\u00fcge und Faktoren gelegt, die bei Ihren gr\u00f6ssten Erfolgen besonders aktiv waren.<\/span><\/span><\/p>\n<p>&nbsp;<\/p>\n<p><span style=\"font-size: 18pt; color: #000000;\">Danach erhalten Sie von mir in einer zweiten Sitzung Ihr pers\u00f6nliches Erfolgsprofil, das Ihnen die wesentlichen Punkte aufzeigt, wie Sie Ihr Potential nutzen k\u00f6nnen.<\/span><\/p>\n<figure id=\"attachment_34\" aria-describedby=\"caption-attachment-34\" style=\"width: 700px\" class=\"wp-caption aligncenter\"><a href=\"http:\/\/www.erfolgsprofil.ch\/home\/wp-content\/uploads\/2014\/04\/potential-erfolg.jpg\"><img loading=\"lazy\" decoding=\"async\" class=\"wp-image-34 size-large\" src=\"http:\/\/www.erfolgsprofil.ch\/home\/wp-content\/uploads\/2014\/04\/potential-erfolg-1024x438.jpg\" alt=\"potential erfolg\" width=\"700\" height=\"299\" srcset=\"http:\/\/www.erfolgsprofil.ch\/home\/wp-content\/uploads\/2014\/04\/potential-erfolg-1024x438.jpg 1024w, http:\/\/www.erfolgsprofil.ch\/home\/wp-content\/uploads\/2014\/04\/potential-erfolg-300x128.jpg 300w, http:\/\/www.erfolgsprofil.ch\/home\/wp-content\/uploads\/2014\/04\/potential-erfolg-904x386.jpg 904w, http:\/\/www.erfolgsprofil.ch\/home\/wp-content\/uploads\/2014\/04\/potential-erfolg.jpg 1500w\" sizes=\"auto, (max-width: 700px) 100vw, 700px\" \/><\/a><figcaption id=\"caption-attachment-34\" class=\"wp-caption-text\">Bilderquelle: Jorma Bork | <a href=\"http:\/\/www.pixelio.de\/\">Pixelio<\/a><\/figcaption><\/figure>\n<p>&nbsp;<\/p>\n<p><span style=\"font-size: 24pt; color: #000000;\">Wie Sie Ihr Erfolgsprofil nutzen<\/span><\/p>\n<p><span style=\"font-size: 18pt; color: #000000;\">Stellen Sie sich einen hervorragenden Koch vor, der f\u00fcr jede Gelegenheit sein ganz pers\u00f6nliches Geheimrezept zur Hand hat. Durch das Erfolgsprofil erfahren Sie, welche Wesensarten und Anlagen Sie gezielt einsetzen k\u00f6nnen, um verschiedene Situationen erfolgreich zu meistern. Diese Techniken werden Sie mit der Zeit immer mehr verinnerlichen.<\/span><\/p>\n<p>&nbsp;<\/p>\n<p><span style=\"font-size: 18pt; color: #000000;\">Das R\u00fcstzeug f\u00fcr Ihren pers\u00f6nlichen Erfolg im beruflichen und privaten Leben tragen Sie bereits bei sich und k\u00f6nnen es mit Ihrem pers\u00f6nlichen Erfolgsprofil optimal nutzen!<\/span><\/p>\n<figure id=\"attachment_33\" aria-describedby=\"caption-attachment-33\" style=\"width: 700px\" class=\"wp-caption aligncenter\"><a href=\"http:\/\/www.erfolgsprofil.ch\/home\/wp-content\/uploads\/2014\/04\/erfolg.jpg\"><img loading=\"lazy\" decoding=\"async\" class=\"wp-image-33 size-large\" src=\"http:\/\/www.erfolgsprofil.ch\/home\/wp-content\/uploads\/2014\/04\/erfolg-1024x349.jpg\" alt=\"Erfolg ist kein Zufall\" width=\"700\" height=\"238\" srcset=\"http:\/\/www.erfolgsprofil.ch\/home\/wp-content\/uploads\/2014\/04\/erfolg-1024x349.jpg 1024w, http:\/\/www.erfolgsprofil.ch\/home\/wp-content\/uploads\/2014\/04\/erfolg-300x102.jpg 300w, http:\/\/www.erfolgsprofil.ch\/home\/wp-content\/uploads\/2014\/04\/erfolg-904x308.jpg 904w, http:\/\/www.erfolgsprofil.ch\/home\/wp-content\/uploads\/2014\/04\/erfolg.jpg 1500w\" sizes=\"auto, (max-width: 700px) 100vw, 700px\" \/><\/a><figcaption id=\"caption-attachment-33\" class=\"wp-caption-text\">Bilderquelle: Dietmar Meinert | <a href=\"http:\/\/www.pixelio.de\/\">Pixelio<\/a><\/figcaption><\/figure>\n<p>&nbsp;<\/p>\n<p><span style=\"font-size: 18pt; color: #000000;\">Sind Sie neugierig geworden, wie Sie Ihr Potential noch erfolgreicher einsetzen k\u00f6nnen? Kontaktieren Sie uns per Telefon oder per Kontaktformular!<\/span><\/p>\n<p>&nbsp;<\/p>\n<p><strong><span style=\"font-size: 18pt; color: #000000;\">078 748 52 44<\/span><\/strong><\/p>\n<p>&nbsp;<\/p>\n<p><a href=\"http:\/\/www.erfolgsprofil.ch\/home\/wp-content\/uploads\/2014\/04\/kontaktform.jpg\"><img loading=\"lazy\" decoding=\"async\" class=\"alignnone size-full wp-image-103\" src=\"http:\/\/www.erfolgsprofil.ch\/home\/wp-content\/uploads\/2014\/04\/kontaktform.jpg\" alt=\"kontaktform\" width=\"400\" height=\"62\" srcset=\"http:\/\/www.erfolgsprofil.ch\/home\/wp-content\/uploads\/2014\/04\/kontaktform.jpg 400w, http:\/\/www.erfolgsprofil.ch\/home\/wp-content\/uploads\/2014\/04\/kontaktform-300x46.jpg 300w\" sizes=\"auto, (max-width: 400px) 100vw, 400px\" \/><\/a><\/p>\n<p>&nbsp;<\/p>\n\n<div class=\"wpcf7 no-js\" id=\"wpcf7-f90-o1\" lang=\"de-DE\" dir=\"ltr\" data-wpcf7-id=\"90\">\n<div class=\"screen-reader-response\"><p role=\"status\" aria-live=\"polite\" aria-atomic=\"true\"><\/p> <ul><\/ul><\/div>\n<form action=\"\/home\/wp-json\/wp\/v2\/pages\/152#wpcf7-f90-o1\" method=\"post\" class=\"wpcf7-form init\" aria-label=\"Contact form\" novalidate=\"novalidate\" data-status=\"init\">\n<fieldset class=\"hidden-fields-container\"><input type=\"hidden\" name=\"_wpcf7\" value=\"90\" \/><input type=\"hidden\" name=\"_wpcf7_version\" value=\"6.1.5\" \/><input type=\"hidden\" name=\"_wpcf7_locale\" value=\"de_DE\" \/><input type=\"hidden\" name=\"_wpcf7_unit_tag\" value=\"wpcf7-f90-o1\" \/><input type=\"hidden\" name=\"_wpcf7_container_post\" value=\"0\" \/><input type=\"hidden\" name=\"_wpcf7_posted_data_hash\" value=\"\" \/>\n<\/fieldset>\n<p>Ihr Name (Pflichtfeld)\n<\/p>\n<p><span class=\"wpcf7-form-control-wrap\" data-name=\"your-name\"><input size=\"40\" maxlength=\"400\" class=\"wpcf7-form-control wpcf7-text wpcf7-validates-as-required\" aria-required=\"true\" aria-invalid=\"false\" value=\"\" type=\"text\" name=\"your-name\" \/><\/span>\n<\/p>\n<p>Ihre E-Mail-Adresse (Pflichtfeld)\n<\/p>\n<p><span class=\"wpcf7-form-control-wrap\" data-name=\"your-email\"><input size=\"40\" maxlength=\"400\" class=\"wpcf7-form-control wpcf7-email wpcf7-validates-as-required wpcf7-text wpcf7-validates-as-email\" aria-required=\"true\" aria-invalid=\"false\" value=\"\" type=\"email\" name=\"your-email\" \/><\/span>\n<\/p>\n<p>Ihre Telefonnummer\n<\/p>\n<p><span class=\"wpcf7-form-control-wrap\" data-name=\"tel-558\"><input size=\"40\" maxlength=\"400\" class=\"wpcf7-form-control wpcf7-tel wpcf7-text wpcf7-validates-as-tel\" aria-invalid=\"false\" value=\"\" type=\"tel\" name=\"tel-558\" \/><\/span>\n<\/p>\n<p>Betreff\n<\/p>\n<p><span class=\"wpcf7-form-control-wrap\" data-name=\"your-subject\"><input size=\"40\" maxlength=\"400\" class=\"wpcf7-form-control wpcf7-text\" aria-invalid=\"false\" value=\"\" type=\"text\" name=\"your-subject\" \/><\/span>\n<\/p>\n<p>Ihre Nachricht\n<\/p>\n<p><span class=\"wpcf7-form-control-wrap\" data-name=\"your-message\"><textarea cols=\"40\" rows=\"10\" maxlength=\"2000\" class=\"wpcf7-form-control wpcf7-textarea\" aria-invalid=\"false\" name=\"your-message\"><\/textarea><\/span>\n<\/p>\n<p><input type=\"hidden\" name=\"_wpcf7_captcha_challenge_captcha-847\" value=\"1054497903\" \/><img loading=\"lazy\" decoding=\"async\" class=\"wpcf7-form-control wpcf7-captchac wpcf7-captcha-captcha-847\" width=\"84\" height=\"28\" alt=\"captcha\" src=\"http:\/\/www.erfolgsprofil.ch\/home\/wp-content\/uploads\/wpcf7_captcha\/1054497903.png\" \/><br \/>\n<span class=\"wpcf7-form-control-wrap\" data-name=\"captcha-847\"><input size=\"40\" class=\"wpcf7-form-control wpcf7-captchar\" autocomplete=\"off\" aria-invalid=\"false\" value=\"\" type=\"text\" name=\"captcha-847\" \/><\/span>\n<\/p>\n<p><input class=\"wpcf7-form-control wpcf7-submit has-spinner\" type=\"submit\" value=\"Senden\" \/>\n<\/p><div class=\"wpcf7-response-output\" aria-hidden=\"true\"><\/div>\n<\/form>\n<\/div>\n\n","protected":false},"excerpt":{"rendered":"<p>Sie sind an einem Punkt angelangt, an dem Sie etwas ver\u00e4ndern m\u00f6chten! Das bedeutet, Sie sind ein Mensch, der die F\u00e4den seines Geschicks selbst in die Hand nimmt und aktiv agiert. Sch\u00e4tzen Sie sich gl\u00fccklich \u00fcber diese agile Lebenshaltung! &nbsp; Bei einem pers\u00f6nlichen Termin analysieren wir gemeinsam, welche Eigenschaften und St\u00e4rken bei Ihnen in verschiedenen&#8230;<\/p>\n","protected":false},"author":2,"featured_media":0,"parent":0,"menu_order":0,"comment_status":"closed","ping_status":"closed","template":"nosidebar.php","meta":{"footnotes":""},"class_list":["post-152","page","type-page","status-publish","hentry"],"yoast_head":"<!-- This site is optimized with the Yoast SEO plugin v27.6 - https:\/\/yoast.com\/product\/yoast-seo-wordpress\/ -->\n<title>Dienstleistung - Ihr Profil zum Erfolg!<\/title>\n<meta name=\"description\" content=\"Das R\u00fcstzeug f\u00fcr Ihren pers\u00f6nlichen Erfolg im beruflichen und privaten Leben tragen Sie bereits bei sich und k\u00f6nnen es mit Ihrem pers\u00f6nlichen Erfolgsprofil optimal nutzen!\" \/>\n<meta name=\"robots\" content=\"index, follow, max-snippet:-1, max-image-preview:large, max-video-preview:-1\" \/>\n<link rel=\"canonical\" href=\"http:\/\/www.erfolgsprofil.ch\/home\/dienstleistung\/\" \/>\n<meta property=\"og:locale\" content=\"de_DE\" \/>\n<meta property=\"og:type\" content=\"article\" \/>\n<meta property=\"og:title\" content=\"Dienstleistung - Ihr Profil zum Erfolg!\" \/>\n<meta property=\"og:description\" content=\"Das R\u00fcstzeug f\u00fcr Ihren pers\u00f6nlichen Erfolg im beruflichen und privaten Leben tragen Sie bereits bei sich und k\u00f6nnen es mit Ihrem pers\u00f6nlichen Erfolgsprofil optimal nutzen!\" \/>\n<meta property=\"og:url\" content=\"http:\/\/www.erfolgsprofil.ch\/home\/dienstleistung\/\" \/>\n<meta property=\"og:site_name\" content=\"Ihr Profil zum Erfolg!\" \/>\n<meta property=\"article:modified_time\" content=\"2014-06-12T17:33:17+00:00\" \/>\n<meta property=\"og:image\" content=\"http:\/\/www.erfolgsprofil.ch\/home\/wp-content\/uploads\/2014\/04\/potential-erfolg-1024x438.jpg\" \/>\n<meta name=\"twitter:label1\" content=\"Est. reading time\" \/>\n\t<meta name=\"twitter:data1\" content=\"1 Minute\" \/>\n<script type=\"application\/ld+json\" class=\"yoast-schema-graph\">{\"@context\":\"https:\\\/\\\/schema.org\",\"@graph\":[{\"@type\":\"WebPage\",\"@id\":\"http:\\\/\\\/www.erfolgsprofil.ch\\\/home\\\/dienstleistung\\\/\",\"url\":\"http:\\\/\\\/www.erfolgsprofil.ch\\\/home\\\/dienstleistung\\\/\",\"name\":\"Dienstleistung - Ihr Profil zum Erfolg!\",\"isPartOf\":{\"@id\":\"http:\\\/\\\/www.erfolgsprofil.ch\\\/home\\\/#website\"},\"primaryImageOfPage\":{\"@id\":\"http:\\\/\\\/www.erfolgsprofil.ch\\\/home\\\/dienstleistung\\\/#primaryimage\"},\"image\":{\"@id\":\"http:\\\/\\\/www.erfolgsprofil.ch\\\/home\\\/dienstleistung\\\/#primaryimage\"},\"thumbnailUrl\":\"http:\\\/\\\/www.erfolgsprofil.ch\\\/home\\\/wp-content\\\/uploads\\\/2014\\\/04\\\/potential-erfolg-1024x438.jpg\",\"datePublished\":\"2014-05-04T16:14:13+00:00\",\"dateModified\":\"2014-06-12T17:33:17+00:00\",\"description\":\"Das R\u00fcstzeug f\u00fcr Ihren pers\u00f6nlichen Erfolg im beruflichen und privaten Leben tragen Sie bereits bei sich und k\u00f6nnen es mit Ihrem pers\u00f6nlichen Erfolgsprofil optimal nutzen!\",\"breadcrumb\":{\"@id\":\"http:\\\/\\\/www.erfolgsprofil.ch\\\/home\\\/dienstleistung\\\/#breadcrumb\"},\"inLanguage\":\"de-DE\",\"potentialAction\":[{\"@type\":\"ReadAction\",\"target\":[\"http:\\\/\\\/www.erfolgsprofil.ch\\\/home\\\/dienstleistung\\\/\"]}]},{\"@type\":\"ImageObject\",\"inLanguage\":\"de-DE\",\"@id\":\"http:\\\/\\\/www.erfolgsprofil.ch\\\/home\\\/dienstleistung\\\/#primaryimage\",\"url\":\"http:\\\/\\\/www.erfolgsprofil.ch\\\/home\\\/wp-content\\\/uploads\\\/2014\\\/04\\\/potential-erfolg.jpg\",\"contentUrl\":\"http:\\\/\\\/www.erfolgsprofil.ch\\\/home\\\/wp-content\\\/uploads\\\/2014\\\/04\\\/potential-erfolg.jpg\",\"width\":1500,\"height\":642},{\"@type\":\"BreadcrumbList\",\"@id\":\"http:\\\/\\\/www.erfolgsprofil.ch\\\/home\\\/dienstleistung\\\/#breadcrumb\",\"itemListElement\":[{\"@type\":\"ListItem\",\"position\":1,\"name\":\"Home\",\"item\":\"http:\\\/\\\/www.erfolgsprofil.ch\\\/home\\\/\"},{\"@type\":\"ListItem\",\"position\":2,\"name\":\"Dienstleistung\"}]},{\"@type\":\"WebSite\",\"@id\":\"http:\\\/\\\/www.erfolgsprofil.ch\\\/home\\\/#website\",\"url\":\"http:\\\/\\\/www.erfolgsprofil.ch\\\/home\\\/\",\"name\":\"Ihr Profil zum Erfolg!\",\"description\":\"Ihr Leben, Ihre Entscheidung - Ihr Profil zum Erfolg!\",\"potentialAction\":[{\"@type\":\"SearchAction\",\"target\":{\"@type\":\"EntryPoint\",\"urlTemplate\":\"http:\\\/\\\/www.erfolgsprofil.ch\\\/home\\\/?s={search_term_string}\"},\"query-input\":{\"@type\":\"PropertyValueSpecification\",\"valueRequired\":true,\"valueName\":\"search_term_string\"}}],\"inLanguage\":\"de-DE\"}]}<\/script>\n<!-- \/ Yoast SEO plugin. -->","yoast_head_json":{"title":"Dienstleistung - Ihr Profil zum Erfolg!","description":"Das R\u00fcstzeug f\u00fcr Ihren pers\u00f6nlichen Erfolg im beruflichen und privaten Leben tragen Sie bereits bei sich und k\u00f6nnen es mit Ihrem pers\u00f6nlichen Erfolgsprofil optimal nutzen!","robots":{"index":"index","follow":"follow","max-snippet":"max-snippet:-1","max-image-preview":"max-image-preview:large","max-video-preview":"max-video-preview:-1"},"canonical":"http:\/\/www.erfolgsprofil.ch\/home\/dienstleistung\/","og_locale":"de_DE","og_type":"article","og_title":"Dienstleistung - Ihr Profil zum Erfolg!","og_description":"Das R\u00fcstzeug f\u00fcr Ihren pers\u00f6nlichen Erfolg im beruflichen und privaten Leben tragen Sie bereits bei sich und k\u00f6nnen es mit Ihrem pers\u00f6nlichen Erfolgsprofil optimal nutzen!","og_url":"http:\/\/www.erfolgsprofil.ch\/home\/dienstleistung\/","og_site_name":"Ihr Profil zum Erfolg!","article_modified_time":"2014-06-12T17:33:17+00:00","og_image":[{"url":"http:\/\/www.erfolgsprofil.ch\/home\/wp-content\/uploads\/2014\/04\/potential-erfolg-1024x438.jpg","type":"","width":"","height":""}],"twitter_misc":{"Est. reading time":"1 Minute"},"schema":{"@context":"https:\/\/schema.org","@graph":[{"@type":"WebPage","@id":"http:\/\/www.erfolgsprofil.ch\/home\/dienstleistung\/","url":"http:\/\/www.erfolgsprofil.ch\/home\/dienstleistung\/","name":"Dienstleistung - Ihr Profil zum Erfolg!","isPartOf":{"@id":"http:\/\/www.erfolgsprofil.ch\/home\/#website"},"primaryImageOfPage":{"@id":"http:\/\/www.erfolgsprofil.ch\/home\/dienstleistung\/#primaryimage"},"image":{"@id":"http:\/\/www.erfolgsprofil.ch\/home\/dienstleistung\/#primaryimage"},"thumbnailUrl":"http:\/\/www.erfolgsprofil.ch\/home\/wp-content\/uploads\/2014\/04\/potential-erfolg-1024x438.jpg","datePublished":"2014-05-04T16:14:13+00:00","dateModified":"2014-06-12T17:33:17+00:00","description":"Das R\u00fcstzeug f\u00fcr Ihren pers\u00f6nlichen Erfolg im beruflichen und privaten Leben tragen Sie bereits bei sich und k\u00f6nnen es mit Ihrem pers\u00f6nlichen Erfolgsprofil optimal nutzen!","breadcrumb":{"@id":"http:\/\/www.erfolgsprofil.ch\/home\/dienstleistung\/#breadcrumb"},"inLanguage":"de-DE","potentialAction":[{"@type":"ReadAction","target":["http:\/\/www.erfolgsprofil.ch\/home\/dienstleistung\/"]}]},{"@type":"ImageObject","inLanguage":"de-DE","@id":"http:\/\/www.erfolgsprofil.ch\/home\/dienstleistung\/#primaryimage","url":"http:\/\/www.erfolgsprofil.ch\/home\/wp-content\/uploads\/2014\/04\/potential-erfolg.jpg","contentUrl":"http:\/\/www.erfolgsprofil.ch\/home\/wp-content\/uploads\/2014\/04\/potential-erfolg.jpg","width":1500,"height":642},{"@type":"BreadcrumbList","@id":"http:\/\/www.erfolgsprofil.ch\/home\/dienstleistung\/#breadcrumb","itemListElement":[{"@type":"ListItem","position":1,"name":"Home","item":"http:\/\/www.erfolgsprofil.ch\/home\/"},{"@type":"ListItem","position":2,"name":"Dienstleistung"}]},{"@type":"WebSite","@id":"http:\/\/www.erfolgsprofil.ch\/home\/#website","url":"http:\/\/www.erfolgsprofil.ch\/home\/","name":"Ihr Profil zum Erfolg!","description":"Ihr Leben, Ihre Entscheidung - Ihr Profil zum Erfolg!","potentialAction":[{"@type":"SearchAction","target":{"@type":"EntryPoint","urlTemplate":"http:\/\/www.erfolgsprofil.ch\/home\/?s={search_term_string}"},"query-input":{"@type":"PropertyValueSpecification","valueRequired":true,"valueName":"search_term_string"}}],"inLanguage":"de-DE"}]}},"_links":{"self":[{"href":"http:\/\/www.erfolgsprofil.ch\/home\/wp-json\/wp\/v2\/pages\/152","targetHints":{"allow":["GET"]}}],"collection":[{"href":"http:\/\/www.erfolgsprofil.ch\/home\/wp-json\/wp\/v2\/pages"}],"about":[{"href":"http:\/\/www.erfolgsprofil.ch\/home\/wp-json\/wp\/v2\/types\/page"}],"author":[{"embeddable":true,"href":"http:\/\/www.erfolgsprofil.ch\/home\/wp-json\/wp\/v2\/users\/2"}],"replies":[{"embeddable":true,"href":"http:\/\/www.erfolgsprofil.ch\/home\/wp-json\/wp\/v2\/comments?post=152"}],"version-history":[{"count":23,"href":"http:\/\/www.erfolgsprofil.ch\/home\/wp-json\/wp\/v2\/pages\/152\/revisions"}],"predecessor-version":[{"id":302,"href":"http:\/\/www.erfolgsprofil.ch\/home\/wp-json\/wp\/v2\/pages\/152\/revisions\/302"}],"wp:attachment":[{"href":"http:\/\/www.erfolgsprofil.ch\/home\/wp-json\/wp\/v2\/media?parent=152"}],"curies":[{"name":"wp","href":"https:\/\/api.w.org\/{rel}","templated":true}]}}