{"id":142,"date":"2014-05-04T15:54:52","date_gmt":"2014-05-04T15:54:52","guid":{"rendered":"http:\/\/www.erfolgsprofil.ch\/home\/?page_id=142"},"modified":"2014-06-13T14:02:03","modified_gmt":"2014-06-13T14:02:03","slug":"erfolgsprofil","status":"publish","type":"page","link":"http:\/\/www.erfolgsprofil.ch\/home\/erfolgsprofil\/","title":{"rendered":"Erfolgsprofil"},"content":{"rendered":"<p style=\"text-align: justify;\">\u00a0<\/p>\n<p style=\"text-align: justify;\"><span style=\"font-size: 18pt; color: #000000;\">F\u00fchlen Sie sich in allen Lebensbereichen erfolgreich? Wenn nicht, dann k\u00f6nnen Sie das \u00e4ndern! Denn jeder Mensch tr\u00e4gt ganz spezielle Attribute und Eigenschaften in sich, die bei einem optimalen Zusammenspiel zum Erfolg f\u00fchren. Jeder Mensch kann auf seine eigene Weise Erfolg erleben.<\/span><\/p>\n<figure id=\"attachment_310\" aria-describedby=\"caption-attachment-310\" style=\"width: 800px\" class=\"wp-caption aligncenter\"><a href=\"http:\/\/www.erfolgsprofil.ch\/home\/wp-content\/uploads\/2014\/05\/aussicht-auf-erfolg.jpg\"><img loading=\"lazy\" decoding=\"async\" class=\"wp-image-310 size-full\" src=\"http:\/\/www.erfolgsprofil.ch\/home\/wp-content\/uploads\/2014\/05\/aussicht-auf-erfolg.jpg\" alt=\"\" width=\"800\" height=\"331\" srcset=\"http:\/\/www.erfolgsprofil.ch\/home\/wp-content\/uploads\/2014\/05\/aussicht-auf-erfolg.jpg 800w, http:\/\/www.erfolgsprofil.ch\/home\/wp-content\/uploads\/2014\/05\/aussicht-auf-erfolg-300x124.jpg 300w\" sizes=\"auto, (max-width: 800px) 100vw, 800px\" \/><\/a><figcaption id=\"caption-attachment-310\" class=\"wp-caption-text\">Bilderquelle: Renate Graf<\/figcaption><\/figure>\n<p style=\"text-align: justify;\">\u00a0<\/p>\n<p style=\"text-align: justify;\"><span style=\"font-size: 18pt; color: #000000;\">Bei einem pers\u00f6nlichen Gespr\u00e4ch werden die einzelnen Komponenten evaluiert, die bei Ihren bisherigen Erfolgen Einfluss nahmen. Richtungsweisend sind auch die Anteile dieser Eigenschaften.<\/span><\/p>\n<p>&nbsp;<\/p>\n<p style=\"text-align: justify;\"><span style=\"font-size: 18pt; color: #000000;\">Welche Wesensarten wirken im Vordergrund und welche agieren genauso wegweisend im Hintergrund, wenn Sie erfolgreich sind?<\/span><\/p>\n<figure id=\"attachment_311\" aria-describedby=\"caption-attachment-311\" style=\"width: 800px\" class=\"wp-caption aligncenter\"><a href=\"http:\/\/www.erfolgsprofil.ch\/home\/wp-content\/uploads\/2014\/05\/der-weg-zum-erfolg.jpg\"><img loading=\"lazy\" decoding=\"async\" class=\"wp-image-311 size-full\" src=\"http:\/\/www.erfolgsprofil.ch\/home\/wp-content\/uploads\/2014\/05\/der-weg-zum-erfolg.jpg\" alt=\"\" width=\"800\" height=\"356\" srcset=\"http:\/\/www.erfolgsprofil.ch\/home\/wp-content\/uploads\/2014\/05\/der-weg-zum-erfolg.jpg 800w, http:\/\/www.erfolgsprofil.ch\/home\/wp-content\/uploads\/2014\/05\/der-weg-zum-erfolg-300x133.jpg 300w\" sizes=\"auto, (max-width: 800px) 100vw, 800px\" \/><\/a><figcaption id=\"caption-attachment-311\" class=\"wp-caption-text\">Bilderquelle: Renate Graf<\/figcaption><\/figure>\n<p>&nbsp;<\/p>\n<p style=\"text-align: justify;\"><span style=\"font-size: 18pt; color: #000000;\">Mit Ihrem pers\u00f6nlichen Erfolgsprofil lernen Sie, wie Sie all diese Punkte und Ihr Wissen einsetzen k\u00f6nnen, um in Zukunft Ihr Leben erfolgreicher zu gestalten. Verschaffen Sie sich endlich Klarheit dar\u00fcber, wie Sie Ihre Ziele mit Erfolg erreichen k\u00f6nnen. <\/span><\/p>\n<p>&nbsp;<\/p>\n<ul>\n<ul>\n<li><span style=\"font-size: 18pt; color: #000000;\">Wie beeinflussen Sie Ihre Umwelt?<\/span>\n<p><span style=\"color: #000000;\"><strong>\u00a0<\/strong><\/span><\/p>\n<\/li>\n<li><span style=\"font-size: 18pt; color: #000000;\">Wie werden Sie beeinflusst?<\/span>\n<p><span style=\"color: #000000;\"><strong>\u00a0<\/strong><\/span><\/p>\n<\/li>\n<li><span style=\"font-size: 18pt; color: #000000;\">Welche St\u00f6rfaktoren hindern Sie am Erfolg?<\/span>\n<p><span style=\"color: #000000;\">\u00a0<\/span><\/p>\n<\/li>\n<li><span style=\"font-size: 18pt; color: #000000;\"><span style=\"font-size: 18pt;\"><span style=\"font-size: 18pt;\"><span style=\"font-size: 18pt;\">Wie k\u00f6nnen Sie diese Hindernisse \u00fcberwinden?<\/span><\/span><\/span><\/span>\n<p><span style=\"color: #000000;\">\u00a0<\/span><\/p>\n<\/li>\n<li><span style=\"font-size: 18pt; color: #000000;\">Wie sollte ich mich entscheiden, <br \/>um erfolgreicher zu sein?<\/span><\/li>\n<\/ul>\n<\/ul>\n<p><span style=\"color: #000000;\">\u00a0<\/span><\/p>\n<p style=\"text-align: justify;\"><span style=\"font-size: 18pt; color: #000000;\">Da jeder Mensch einzigartig ist, f\u00e4llt jedes Erfolgsprofil unterschiedlich aus. Denn die speziellen Konstellationen der verschiedenen Attribute haben nur f\u00fcr einen einzigen Menschen auf dieser Welt ihre G\u00fcltigkeit.<\/span><\/p>\n<p>&nbsp;<\/p>\n<p><span style=\"font-size: 18pt; color: #000000;\">M\u00f6chten Sie Ihre M\u00f6glichkeiten aus einer anderen Perspektive sehen und neue Chancen entdecken? Kontaktieren Sie uns!<\/span><\/p>\n<p>&nbsp;<\/p>\n<p><strong><span style=\"font-size: 18pt;\">078 748 52 44<\/span><\/strong><\/p>\n<p>&nbsp;<\/p>\n<p><a href=\"http:\/\/www.erfolgsprofil.ch\/home\/wp-content\/uploads\/2014\/04\/kontaktform.jpg\"><img loading=\"lazy\" decoding=\"async\" class=\"alignnone size-full wp-image-103\" src=\"http:\/\/www.erfolgsprofil.ch\/home\/wp-content\/uploads\/2014\/04\/kontaktform.jpg\" alt=\"kontaktform\" width=\"400\" height=\"62\" srcset=\"http:\/\/www.erfolgsprofil.ch\/home\/wp-content\/uploads\/2014\/04\/kontaktform.jpg 400w, http:\/\/www.erfolgsprofil.ch\/home\/wp-content\/uploads\/2014\/04\/kontaktform-300x46.jpg 300w\" sizes=\"auto, (max-width: 400px) 100vw, 400px\" \/><\/a><\/p>\n<p>&nbsp;<\/p>\n\n<div class=\"wpcf7 no-js\" id=\"wpcf7-f90-o1\" lang=\"de-DE\" dir=\"ltr\" data-wpcf7-id=\"90\">\n<div class=\"screen-reader-response\"><p role=\"status\" aria-live=\"polite\" aria-atomic=\"true\"><\/p> <ul><\/ul><\/div>\n<form action=\"\/home\/wp-json\/wp\/v2\/pages\/142#wpcf7-f90-o1\" method=\"post\" class=\"wpcf7-form init\" aria-label=\"Contact form\" novalidate=\"novalidate\" data-status=\"init\">\n<fieldset class=\"hidden-fields-container\"><input type=\"hidden\" name=\"_wpcf7\" value=\"90\" \/><input type=\"hidden\" name=\"_wpcf7_version\" value=\"6.1.5\" \/><input type=\"hidden\" name=\"_wpcf7_locale\" value=\"de_DE\" \/><input type=\"hidden\" name=\"_wpcf7_unit_tag\" value=\"wpcf7-f90-o1\" \/><input type=\"hidden\" name=\"_wpcf7_container_post\" value=\"0\" \/><input type=\"hidden\" name=\"_wpcf7_posted_data_hash\" value=\"\" \/>\n<\/fieldset>\n<p>Ihr Name (Pflichtfeld)\n<\/p>\n<p><span class=\"wpcf7-form-control-wrap\" data-name=\"your-name\"><input size=\"40\" maxlength=\"400\" class=\"wpcf7-form-control wpcf7-text wpcf7-validates-as-required\" aria-required=\"true\" aria-invalid=\"false\" value=\"\" type=\"text\" name=\"your-name\" \/><\/span>\n<\/p>\n<p>Ihre E-Mail-Adresse (Pflichtfeld)\n<\/p>\n<p><span class=\"wpcf7-form-control-wrap\" data-name=\"your-email\"><input size=\"40\" maxlength=\"400\" class=\"wpcf7-form-control wpcf7-email wpcf7-validates-as-required wpcf7-text wpcf7-validates-as-email\" aria-required=\"true\" aria-invalid=\"false\" value=\"\" type=\"email\" name=\"your-email\" \/><\/span>\n<\/p>\n<p>Ihre Telefonnummer\n<\/p>\n<p><span class=\"wpcf7-form-control-wrap\" data-name=\"tel-558\"><input size=\"40\" maxlength=\"400\" class=\"wpcf7-form-control wpcf7-tel wpcf7-text wpcf7-validates-as-tel\" aria-invalid=\"false\" value=\"\" type=\"tel\" name=\"tel-558\" \/><\/span>\n<\/p>\n<p>Betreff\n<\/p>\n<p><span class=\"wpcf7-form-control-wrap\" data-name=\"your-subject\"><input size=\"40\" maxlength=\"400\" class=\"wpcf7-form-control wpcf7-text\" aria-invalid=\"false\" value=\"\" type=\"text\" name=\"your-subject\" \/><\/span>\n<\/p>\n<p>Ihre Nachricht\n<\/p>\n<p><span class=\"wpcf7-form-control-wrap\" data-name=\"your-message\"><textarea cols=\"40\" rows=\"10\" maxlength=\"2000\" class=\"wpcf7-form-control wpcf7-textarea\" aria-invalid=\"false\" name=\"your-message\"><\/textarea><\/span>\n<\/p>\n<p><input type=\"hidden\" name=\"_wpcf7_captcha_challenge_captcha-847\" value=\"4063661255\" \/><img loading=\"lazy\" decoding=\"async\" class=\"wpcf7-form-control wpcf7-captchac wpcf7-captcha-captcha-847\" width=\"84\" height=\"28\" alt=\"captcha\" src=\"http:\/\/www.erfolgsprofil.ch\/home\/wp-content\/uploads\/wpcf7_captcha\/4063661255.png\" \/><br \/>\n<span class=\"wpcf7-form-control-wrap\" data-name=\"captcha-847\"><input size=\"40\" class=\"wpcf7-form-control wpcf7-captchar\" autocomplete=\"off\" aria-invalid=\"false\" value=\"\" type=\"text\" name=\"captcha-847\" \/><\/span>\n<\/p>\n<p><input class=\"wpcf7-form-control wpcf7-submit has-spinner\" type=\"submit\" value=\"Senden\" \/>\n<\/p><div class=\"wpcf7-response-output\" aria-hidden=\"true\"><\/div>\n<\/form>\n<\/div>\n\n","protected":false},"excerpt":{"rendered":"<p>\u00a0 F\u00fchlen Sie sich in allen Lebensbereichen erfolgreich? Wenn nicht, dann k\u00f6nnen Sie das \u00e4ndern! Denn jeder Mensch tr\u00e4gt ganz spezielle Attribute und Eigenschaften in sich, die bei einem optimalen Zusammenspiel zum Erfolg f\u00fchren. Jeder Mensch kann auf seine eigene Weise Erfolg erleben. \u00a0 Bei einem pers\u00f6nlichen Gespr\u00e4ch werden die einzelnen Komponenten evaluiert, die bei&#8230;<\/p>\n","protected":false},"author":2,"featured_media":0,"parent":0,"menu_order":0,"comment_status":"closed","ping_status":"closed","template":"nosidebar.php","meta":{"footnotes":""},"class_list":["post-142","page","type-page","status-publish","hentry"],"yoast_head":"<!-- This site is optimized with the Yoast SEO plugin v27.6 - https:\/\/yoast.com\/product\/yoast-seo-wordpress\/ -->\n<title>Erfolgsprofil - Ihr Profil zum Erfolg!<\/title>\n<meta name=\"description\" content=\"F\u00fchlen Sie sich in allen Lebensbereichen erfolgreich? Wenn nicht, dann k\u00f6nnen Sie das \u00e4ndern! Welche Ihrer Eigenschaften f\u00fchren Sie zu Ihrem Erfolg?\" \/>\n<meta name=\"robots\" content=\"index, follow, max-snippet:-1, max-image-preview:large, max-video-preview:-1\" \/>\n<link rel=\"canonical\" href=\"http:\/\/www.erfolgsprofil.ch\/home\/erfolgsprofil\/\" \/>\n<meta property=\"og:locale\" content=\"de_DE\" \/>\n<meta property=\"og:type\" content=\"article\" \/>\n<meta property=\"og:title\" content=\"Erfolgsprofil - Ihr Profil zum Erfolg!\" \/>\n<meta property=\"og:description\" content=\"F\u00fchlen Sie sich in allen Lebensbereichen erfolgreich? Wenn nicht, dann k\u00f6nnen Sie das \u00e4ndern! Welche Ihrer Eigenschaften f\u00fchren Sie zu Ihrem Erfolg?\" \/>\n<meta property=\"og:url\" content=\"http:\/\/www.erfolgsprofil.ch\/home\/erfolgsprofil\/\" \/>\n<meta property=\"og:site_name\" content=\"Ihr Profil zum Erfolg!\" \/>\n<meta property=\"article:modified_time\" content=\"2014-06-13T14:02:03+00:00\" \/>\n<meta property=\"og:image\" content=\"http:\/\/www.erfolgsprofil.ch\/home\/wp-content\/uploads\/2014\/05\/aussicht-auf-erfolg.jpg\" \/>\n<meta name=\"twitter:label1\" content=\"Est. reading time\" \/>\n\t<meta name=\"twitter:data1\" content=\"1 Minute\" \/>\n<script type=\"application\/ld+json\" class=\"yoast-schema-graph\">{\"@context\":\"https:\\\/\\\/schema.org\",\"@graph\":[{\"@type\":\"WebPage\",\"@id\":\"http:\\\/\\\/www.erfolgsprofil.ch\\\/home\\\/erfolgsprofil\\\/\",\"url\":\"http:\\\/\\\/www.erfolgsprofil.ch\\\/home\\\/erfolgsprofil\\\/\",\"name\":\"Erfolgsprofil - Ihr Profil zum Erfolg!\",\"isPartOf\":{\"@id\":\"http:\\\/\\\/www.erfolgsprofil.ch\\\/home\\\/#website\"},\"primaryImageOfPage\":{\"@id\":\"http:\\\/\\\/www.erfolgsprofil.ch\\\/home\\\/erfolgsprofil\\\/#primaryimage\"},\"image\":{\"@id\":\"http:\\\/\\\/www.erfolgsprofil.ch\\\/home\\\/erfolgsprofil\\\/#primaryimage\"},\"thumbnailUrl\":\"http:\\\/\\\/www.erfolgsprofil.ch\\\/home\\\/wp-content\\\/uploads\\\/2014\\\/05\\\/aussicht-auf-erfolg.jpg\",\"datePublished\":\"2014-05-04T15:54:52+00:00\",\"dateModified\":\"2014-06-13T14:02:03+00:00\",\"description\":\"F\u00fchlen Sie sich in allen Lebensbereichen erfolgreich? Wenn nicht, dann k\u00f6nnen Sie das \u00e4ndern! Welche Ihrer Eigenschaften f\u00fchren Sie zu Ihrem Erfolg?\",\"breadcrumb\":{\"@id\":\"http:\\\/\\\/www.erfolgsprofil.ch\\\/home\\\/erfolgsprofil\\\/#breadcrumb\"},\"inLanguage\":\"de-DE\",\"potentialAction\":[{\"@type\":\"ReadAction\",\"target\":[\"http:\\\/\\\/www.erfolgsprofil.ch\\\/home\\\/erfolgsprofil\\\/\"]}]},{\"@type\":\"ImageObject\",\"inLanguage\":\"de-DE\",\"@id\":\"http:\\\/\\\/www.erfolgsprofil.ch\\\/home\\\/erfolgsprofil\\\/#primaryimage\",\"url\":\"http:\\\/\\\/www.erfolgsprofil.ch\\\/home\\\/wp-content\\\/uploads\\\/2014\\\/05\\\/aussicht-auf-erfolg.jpg\",\"contentUrl\":\"http:\\\/\\\/www.erfolgsprofil.ch\\\/home\\\/wp-content\\\/uploads\\\/2014\\\/05\\\/aussicht-auf-erfolg.jpg\",\"width\":800,\"height\":331},{\"@type\":\"BreadcrumbList\",\"@id\":\"http:\\\/\\\/www.erfolgsprofil.ch\\\/home\\\/erfolgsprofil\\\/#breadcrumb\",\"itemListElement\":[{\"@type\":\"ListItem\",\"position\":1,\"name\":\"Home\",\"item\":\"http:\\\/\\\/www.erfolgsprofil.ch\\\/home\\\/\"},{\"@type\":\"ListItem\",\"position\":2,\"name\":\"Erfolgsprofil\"}]},{\"@type\":\"WebSite\",\"@id\":\"http:\\\/\\\/www.erfolgsprofil.ch\\\/home\\\/#website\",\"url\":\"http:\\\/\\\/www.erfolgsprofil.ch\\\/home\\\/\",\"name\":\"Ihr Profil zum Erfolg!\",\"description\":\"Ihr Leben, Ihre Entscheidung - Ihr Profil zum Erfolg!\",\"potentialAction\":[{\"@type\":\"SearchAction\",\"target\":{\"@type\":\"EntryPoint\",\"urlTemplate\":\"http:\\\/\\\/www.erfolgsprofil.ch\\\/home\\\/?s={search_term_string}\"},\"query-input\":{\"@type\":\"PropertyValueSpecification\",\"valueRequired\":true,\"valueName\":\"search_term_string\"}}],\"inLanguage\":\"de-DE\"}]}<\/script>\n<!-- \/ Yoast SEO plugin. -->","yoast_head_json":{"title":"Erfolgsprofil - Ihr Profil zum Erfolg!","description":"F\u00fchlen Sie sich in allen Lebensbereichen erfolgreich? Wenn nicht, dann k\u00f6nnen Sie das \u00e4ndern! Welche Ihrer Eigenschaften f\u00fchren Sie zu Ihrem Erfolg?","robots":{"index":"index","follow":"follow","max-snippet":"max-snippet:-1","max-image-preview":"max-image-preview:large","max-video-preview":"max-video-preview:-1"},"canonical":"http:\/\/www.erfolgsprofil.ch\/home\/erfolgsprofil\/","og_locale":"de_DE","og_type":"article","og_title":"Erfolgsprofil - Ihr Profil zum Erfolg!","og_description":"F\u00fchlen Sie sich in allen Lebensbereichen erfolgreich? Wenn nicht, dann k\u00f6nnen Sie das \u00e4ndern! Welche Ihrer Eigenschaften f\u00fchren Sie zu Ihrem Erfolg?","og_url":"http:\/\/www.erfolgsprofil.ch\/home\/erfolgsprofil\/","og_site_name":"Ihr Profil zum Erfolg!","article_modified_time":"2014-06-13T14:02:03+00:00","og_image":[{"url":"http:\/\/www.erfolgsprofil.ch\/home\/wp-content\/uploads\/2014\/05\/aussicht-auf-erfolg.jpg","type":"","width":"","height":""}],"twitter_misc":{"Est. reading time":"1 Minute"},"schema":{"@context":"https:\/\/schema.org","@graph":[{"@type":"WebPage","@id":"http:\/\/www.erfolgsprofil.ch\/home\/erfolgsprofil\/","url":"http:\/\/www.erfolgsprofil.ch\/home\/erfolgsprofil\/","name":"Erfolgsprofil - Ihr Profil zum Erfolg!","isPartOf":{"@id":"http:\/\/www.erfolgsprofil.ch\/home\/#website"},"primaryImageOfPage":{"@id":"http:\/\/www.erfolgsprofil.ch\/home\/erfolgsprofil\/#primaryimage"},"image":{"@id":"http:\/\/www.erfolgsprofil.ch\/home\/erfolgsprofil\/#primaryimage"},"thumbnailUrl":"http:\/\/www.erfolgsprofil.ch\/home\/wp-content\/uploads\/2014\/05\/aussicht-auf-erfolg.jpg","datePublished":"2014-05-04T15:54:52+00:00","dateModified":"2014-06-13T14:02:03+00:00","description":"F\u00fchlen Sie sich in allen Lebensbereichen erfolgreich? Wenn nicht, dann k\u00f6nnen Sie das \u00e4ndern! Welche Ihrer Eigenschaften f\u00fchren Sie zu Ihrem Erfolg?","breadcrumb":{"@id":"http:\/\/www.erfolgsprofil.ch\/home\/erfolgsprofil\/#breadcrumb"},"inLanguage":"de-DE","potentialAction":[{"@type":"ReadAction","target":["http:\/\/www.erfolgsprofil.ch\/home\/erfolgsprofil\/"]}]},{"@type":"ImageObject","inLanguage":"de-DE","@id":"http:\/\/www.erfolgsprofil.ch\/home\/erfolgsprofil\/#primaryimage","url":"http:\/\/www.erfolgsprofil.ch\/home\/wp-content\/uploads\/2014\/05\/aussicht-auf-erfolg.jpg","contentUrl":"http:\/\/www.erfolgsprofil.ch\/home\/wp-content\/uploads\/2014\/05\/aussicht-auf-erfolg.jpg","width":800,"height":331},{"@type":"BreadcrumbList","@id":"http:\/\/www.erfolgsprofil.ch\/home\/erfolgsprofil\/#breadcrumb","itemListElement":[{"@type":"ListItem","position":1,"name":"Home","item":"http:\/\/www.erfolgsprofil.ch\/home\/"},{"@type":"ListItem","position":2,"name":"Erfolgsprofil"}]},{"@type":"WebSite","@id":"http:\/\/www.erfolgsprofil.ch\/home\/#website","url":"http:\/\/www.erfolgsprofil.ch\/home\/","name":"Ihr Profil zum Erfolg!","description":"Ihr Leben, Ihre Entscheidung - Ihr Profil zum Erfolg!","potentialAction":[{"@type":"SearchAction","target":{"@type":"EntryPoint","urlTemplate":"http:\/\/www.erfolgsprofil.ch\/home\/?s={search_term_string}"},"query-input":{"@type":"PropertyValueSpecification","valueRequired":true,"valueName":"search_term_string"}}],"inLanguage":"de-DE"}]}},"_links":{"self":[{"href":"http:\/\/www.erfolgsprofil.ch\/home\/wp-json\/wp\/v2\/pages\/142","targetHints":{"allow":["GET"]}}],"collection":[{"href":"http:\/\/www.erfolgsprofil.ch\/home\/wp-json\/wp\/v2\/pages"}],"about":[{"href":"http:\/\/www.erfolgsprofil.ch\/home\/wp-json\/wp\/v2\/types\/page"}],"author":[{"embeddable":true,"href":"http:\/\/www.erfolgsprofil.ch\/home\/wp-json\/wp\/v2\/users\/2"}],"replies":[{"embeddable":true,"href":"http:\/\/www.erfolgsprofil.ch\/home\/wp-json\/wp\/v2\/comments?post=142"}],"version-history":[{"count":34,"href":"http:\/\/www.erfolgsprofil.ch\/home\/wp-json\/wp\/v2\/pages\/142\/revisions"}],"predecessor-version":[{"id":320,"href":"http:\/\/www.erfolgsprofil.ch\/home\/wp-json\/wp\/v2\/pages\/142\/revisions\/320"}],"wp:attachment":[{"href":"http:\/\/www.erfolgsprofil.ch\/home\/wp-json\/wp\/v2\/media?parent=142"}],"curies":[{"name":"wp","href":"https:\/\/api.w.org\/{rel}","templated":true}]}}