{"id":109,"date":"2014-05-04T14:50:04","date_gmt":"2014-05-04T14:50:04","guid":{"rendered":"http:\/\/www.erfolgsprofil.ch\/home\/?page_id=109"},"modified":"2014-06-12T17:27:26","modified_gmt":"2014-06-12T17:27:26","slug":"erfolg","status":"publish","type":"page","link":"http:\/\/www.erfolgsprofil.ch\/home\/","title":{"rendered":"Erfolg"},"content":{"rendered":"<p style=\"text-align: justify;\">\u00a0<\/p>\n<p style=\"text-align: justify;\"><span style=\"font-size: 18pt;\">E<\/span><span style=\"font-size: 18pt; color: #000000;\">rinnern Sie sich an Ihren letzten grossen Erfolg? Welche Faktoren haben damals ineinander gegriffen? Denken Sie, es war nur Gl\u00fcck oder einfach Zufall?<\/span><\/p>\n<figure id=\"attachment_287\" aria-describedby=\"caption-attachment-287\" style=\"width: 1024px\" class=\"wp-caption aligncenter\"><a href=\"http:\/\/www.erfolgsprofil.ch\/home\/wp-content\/uploads\/2014\/05\/wuerf.jpg\"><img loading=\"lazy\" decoding=\"async\" class=\"wp-image-287 size-full\" src=\"http:\/\/www.erfolgsprofil.ch\/home\/wp-content\/uploads\/2014\/05\/wuerf.jpg\" alt=\"erfolg\" width=\"1024\" height=\"358\" srcset=\"http:\/\/www.erfolgsprofil.ch\/home\/wp-content\/uploads\/2014\/05\/wuerf.jpg 1024w, http:\/\/www.erfolgsprofil.ch\/home\/wp-content\/uploads\/2014\/05\/wuerf-300x104.jpg 300w, http:\/\/www.erfolgsprofil.ch\/home\/wp-content\/uploads\/2014\/05\/wuerf-800x279.jpg 800w\" sizes=\"auto, (max-width: 1024px) 100vw, 1024px\" \/><\/a><figcaption id=\"caption-attachment-287\" class=\"wp-caption-text\">Bilderquelle: G\u00fcnther Gumhold | <a href=\"http:\/\/www.pixelio.de\/\">Pixelio<\/a><\/figcaption><\/figure>\n<p style=\"text-align: justify;\">\u00a0<\/p>\n<p style=\"text-align: justify;\"><span style=\"font-size: 18pt; color: #000000;\">Jeder Mensch ist einzigartig und wirkt auf seine ganz besondere Art in seiner Umwelt. Erfahren Sie in Ihrem pers\u00f6nlichen Erfolgsprofil, welche Ihrer Eigenschaften und Charakterz\u00fcge f\u00fcr Ihren Erfolg massgebend sind!<\/span><\/p>\n<figure id=\"attachment_129\" aria-describedby=\"caption-attachment-129\" style=\"width: 700px\" class=\"wp-caption aligncenter\"><a href=\"http:\/\/www.erfolgsprofil.ch\/home\/wp-content\/uploads\/2014\/05\/erfolg-chancen-nutzen.jpg\"><img loading=\"lazy\" decoding=\"async\" class=\"wp-image-129 size-large\" src=\"http:\/\/www.erfolgsprofil.ch\/home\/wp-content\/uploads\/2014\/05\/erfolg-chancen-nutzen-1024x389.jpg\" alt=\"erfolg chancen nutzen\" width=\"700\" height=\"265\" srcset=\"http:\/\/www.erfolgsprofil.ch\/home\/wp-content\/uploads\/2014\/05\/erfolg-chancen-nutzen-1024x389.jpg 1024w, http:\/\/www.erfolgsprofil.ch\/home\/wp-content\/uploads\/2014\/05\/erfolg-chancen-nutzen-300x114.jpg 300w, http:\/\/www.erfolgsprofil.ch\/home\/wp-content\/uploads\/2014\/05\/erfolg-chancen-nutzen.jpg 1500w\" sizes=\"auto, (max-width: 700px) 100vw, 700px\" \/><\/a><figcaption id=\"caption-attachment-129\" class=\"wp-caption-text\">Bilderquelle: Rainer Sturm | <a href=\"http:\/\/www.pixelio.de\/\">Pixelio<\/a><\/figcaption><\/figure>\n<p style=\"text-align: justify;\">\u00a0<\/p>\n<p><span style=\"font-size: 18pt; color: #000000;\">Die n\u00e4chste Aufgabe oder Herausforderung, welche nicht ganz wunschgem\u00e4ss l\u00e4uft kommt sicher. Mit Ihrem Erfolgsprofil werden Sie mit dem ersten Blick erkennen, wo das Problem liegt und mit dem zweiten Blick auch die L\u00f6sung des Problems sehen.<\/span><\/p>\n<p>&nbsp;<\/p>\n<p><span style=\"font-size: 18pt; color: #000000;\">M\u00f6chten Sie mehr erfahren? Kontaktieren Sie uns per Telefon oder nutzen Sie das Kontaktformular!<\/span><\/p>\n<p>&nbsp;<\/p>\n<p><strong><span style=\"font-size: 18pt; color: #000000;\">078 748 52 44<\/span><\/strong><\/p>\n<p>&nbsp;<\/p>\n<p>\u00a0<a href=\"http:\/\/www.erfolgsprofil.ch\/home\/wp-content\/uploads\/2014\/04\/kontaktform.jpg\"><img loading=\"lazy\" decoding=\"async\" class=\"alignnone size-full wp-image-103\" src=\"http:\/\/www.erfolgsprofil.ch\/home\/wp-content\/uploads\/2014\/04\/kontaktform.jpg\" alt=\"kontaktform\" width=\"400\" height=\"62\" srcset=\"http:\/\/www.erfolgsprofil.ch\/home\/wp-content\/uploads\/2014\/04\/kontaktform.jpg 400w, http:\/\/www.erfolgsprofil.ch\/home\/wp-content\/uploads\/2014\/04\/kontaktform-300x46.jpg 300w\" sizes=\"auto, (max-width: 400px) 100vw, 400px\" \/><\/a><\/p>\n\n<div class=\"wpcf7 no-js\" id=\"wpcf7-f90-o1\" lang=\"de-DE\" dir=\"ltr\" data-wpcf7-id=\"90\">\n<div class=\"screen-reader-response\"><p role=\"status\" aria-live=\"polite\" aria-atomic=\"true\"><\/p> <ul><\/ul><\/div>\n<form action=\"\/home\/wp-json\/wp\/v2\/pages\/109#wpcf7-f90-o1\" method=\"post\" class=\"wpcf7-form init\" aria-label=\"Contact form\" novalidate=\"novalidate\" data-status=\"init\">\n<fieldset class=\"hidden-fields-container\"><input type=\"hidden\" name=\"_wpcf7\" value=\"90\" \/><input type=\"hidden\" name=\"_wpcf7_version\" value=\"6.1.5\" \/><input type=\"hidden\" name=\"_wpcf7_locale\" value=\"de_DE\" \/><input type=\"hidden\" name=\"_wpcf7_unit_tag\" value=\"wpcf7-f90-o1\" \/><input type=\"hidden\" name=\"_wpcf7_container_post\" value=\"0\" \/><input type=\"hidden\" name=\"_wpcf7_posted_data_hash\" value=\"\" \/>\n<\/fieldset>\n<p>Ihr Name (Pflichtfeld)\n<\/p>\n<p><span class=\"wpcf7-form-control-wrap\" data-name=\"your-name\"><input size=\"40\" maxlength=\"400\" class=\"wpcf7-form-control wpcf7-text wpcf7-validates-as-required\" aria-required=\"true\" aria-invalid=\"false\" value=\"\" type=\"text\" name=\"your-name\" \/><\/span>\n<\/p>\n<p>Ihre E-Mail-Adresse (Pflichtfeld)\n<\/p>\n<p><span class=\"wpcf7-form-control-wrap\" data-name=\"your-email\"><input size=\"40\" maxlength=\"400\" class=\"wpcf7-form-control wpcf7-email wpcf7-validates-as-required wpcf7-text wpcf7-validates-as-email\" aria-required=\"true\" aria-invalid=\"false\" value=\"\" type=\"email\" name=\"your-email\" \/><\/span>\n<\/p>\n<p>Ihre Telefonnummer\n<\/p>\n<p><span class=\"wpcf7-form-control-wrap\" data-name=\"tel-558\"><input size=\"40\" maxlength=\"400\" class=\"wpcf7-form-control wpcf7-tel wpcf7-text wpcf7-validates-as-tel\" aria-invalid=\"false\" value=\"\" type=\"tel\" name=\"tel-558\" \/><\/span>\n<\/p>\n<p>Betreff\n<\/p>\n<p><span class=\"wpcf7-form-control-wrap\" data-name=\"your-subject\"><input size=\"40\" maxlength=\"400\" class=\"wpcf7-form-control wpcf7-text\" aria-invalid=\"false\" value=\"\" type=\"text\" name=\"your-subject\" \/><\/span>\n<\/p>\n<p>Ihre Nachricht\n<\/p>\n<p><span class=\"wpcf7-form-control-wrap\" data-name=\"your-message\"><textarea cols=\"40\" rows=\"10\" maxlength=\"2000\" class=\"wpcf7-form-control wpcf7-textarea\" aria-invalid=\"false\" name=\"your-message\"><\/textarea><\/span>\n<\/p>\n<p><input type=\"hidden\" name=\"_wpcf7_captcha_challenge_captcha-847\" value=\"286944469\" \/><img loading=\"lazy\" decoding=\"async\" class=\"wpcf7-form-control wpcf7-captchac wpcf7-captcha-captcha-847\" width=\"84\" height=\"28\" alt=\"captcha\" src=\"http:\/\/www.erfolgsprofil.ch\/home\/wp-content\/uploads\/wpcf7_captcha\/286944469.png\" \/><br \/>\n<span class=\"wpcf7-form-control-wrap\" data-name=\"captcha-847\"><input size=\"40\" class=\"wpcf7-form-control wpcf7-captchar\" autocomplete=\"off\" aria-invalid=\"false\" value=\"\" type=\"text\" name=\"captcha-847\" \/><\/span>\n<\/p>\n<p><input class=\"wpcf7-form-control wpcf7-submit has-spinner\" type=\"submit\" value=\"Senden\" \/>\n<\/p><div class=\"wpcf7-response-output\" aria-hidden=\"true\"><\/div>\n<\/form>\n<\/div>\n\n","protected":false},"excerpt":{"rendered":"<p>\u00a0 Erinnern Sie sich an Ihren letzten grossen Erfolg? Welche Faktoren haben damals ineinander gegriffen? Denken Sie, es war nur Gl\u00fcck oder einfach Zufall? \u00a0 Jeder Mensch ist einzigartig und wirkt auf seine ganz besondere Art in seiner Umwelt. Erfahren Sie in Ihrem pers\u00f6nlichen Erfolgsprofil, welche Ihrer Eigenschaften und Charakterz\u00fcge f\u00fcr Ihren Erfolg massgebend sind!&#8230;<\/p>\n","protected":false},"author":2,"featured_media":0,"parent":0,"menu_order":0,"comment_status":"closed","ping_status":"closed","template":"nosidebar.php","meta":{"footnotes":""},"class_list":["post-109","page","type-page","status-publish","hentry"],"yoast_head":"<!-- This site is optimized with the Yoast SEO plugin v27.6 - https:\/\/yoast.com\/product\/yoast-seo-wordpress\/ -->\n<title>Erfolg - Ihr Profil zum Erfolg!<\/title>\n<meta name=\"description\" content=\"Erinnern Sie sich an Ihren letzten grossen Erfolg? Welche Faktoren haben damals ineinander gegriffen? Denken Sie, es war nur Gl\u00fcck oder einfach Zufall?\" \/>\n<meta name=\"robots\" content=\"index, follow, max-snippet:-1, max-image-preview:large, max-video-preview:-1\" \/>\n<link rel=\"canonical\" href=\"http:\/\/www.erfolgsprofil.ch\/home\/\" \/>\n<meta property=\"og:locale\" content=\"de_DE\" \/>\n<meta property=\"og:type\" content=\"article\" \/>\n<meta property=\"og:title\" content=\"Erfolg - Ihr Profil zum Erfolg!\" \/>\n<meta property=\"og:description\" content=\"Erinnern Sie sich an Ihren letzten grossen Erfolg? Welche Faktoren haben damals ineinander gegriffen? Denken Sie, es war nur Gl\u00fcck oder einfach Zufall?\" \/>\n<meta property=\"og:url\" content=\"http:\/\/www.erfolgsprofil.ch\/home\/\" \/>\n<meta property=\"og:site_name\" content=\"Ihr Profil zum Erfolg!\" \/>\n<meta property=\"article:modified_time\" content=\"2014-06-12T17:27:26+00:00\" \/>\n<meta property=\"og:image\" content=\"http:\/\/www.erfolgsprofil.ch\/home\/wp-content\/uploads\/2014\/05\/wuerf.jpg\" \/>\n<meta name=\"twitter:label1\" content=\"Est. reading time\" \/>\n\t<meta name=\"twitter:data1\" content=\"1 Minute\" \/>\n<script type=\"application\/ld+json\" class=\"yoast-schema-graph\">{\"@context\":\"https:\\\/\\\/schema.org\",\"@graph\":[{\"@type\":\"WebPage\",\"@id\":\"http:\\\/\\\/www.erfolgsprofil.ch\\\/home\\\/\",\"url\":\"http:\\\/\\\/www.erfolgsprofil.ch\\\/home\\\/\",\"name\":\"Erfolg - Ihr Profil zum Erfolg!\",\"isPartOf\":{\"@id\":\"http:\\\/\\\/www.erfolgsprofil.ch\\\/home\\\/#website\"},\"primaryImageOfPage\":{\"@id\":\"http:\\\/\\\/www.erfolgsprofil.ch\\\/home\\\/#primaryimage\"},\"image\":{\"@id\":\"http:\\\/\\\/www.erfolgsprofil.ch\\\/home\\\/#primaryimage\"},\"thumbnailUrl\":\"http:\\\/\\\/www.erfolgsprofil.ch\\\/home\\\/wp-content\\\/uploads\\\/2014\\\/05\\\/wuerf.jpg\",\"datePublished\":\"2014-05-04T14:50:04+00:00\",\"dateModified\":\"2014-06-12T17:27:26+00:00\",\"description\":\"Erinnern Sie sich an Ihren letzten grossen Erfolg? Welche Faktoren haben damals ineinander gegriffen? Denken Sie, es war nur Gl\u00fcck oder einfach Zufall?\",\"breadcrumb\":{\"@id\":\"http:\\\/\\\/www.erfolgsprofil.ch\\\/home\\\/#breadcrumb\"},\"inLanguage\":\"de-DE\",\"potentialAction\":[{\"@type\":\"ReadAction\",\"target\":[\"http:\\\/\\\/www.erfolgsprofil.ch\\\/home\\\/\"]}]},{\"@type\":\"ImageObject\",\"inLanguage\":\"de-DE\",\"@id\":\"http:\\\/\\\/www.erfolgsprofil.ch\\\/home\\\/#primaryimage\",\"url\":\"http:\\\/\\\/www.erfolgsprofil.ch\\\/home\\\/wp-content\\\/uploads\\\/2014\\\/05\\\/wuerf.jpg\",\"contentUrl\":\"http:\\\/\\\/www.erfolgsprofil.ch\\\/home\\\/wp-content\\\/uploads\\\/2014\\\/05\\\/wuerf.jpg\",\"width\":1024,\"height\":358,\"caption\":\"Bilderquelle:G\u00fcnther Gumhold - pixelio.de\"},{\"@type\":\"BreadcrumbList\",\"@id\":\"http:\\\/\\\/www.erfolgsprofil.ch\\\/home\\\/#breadcrumb\",\"itemListElement\":[{\"@type\":\"ListItem\",\"position\":1,\"name\":\"Home\",\"item\":\"http:\\\/\\\/www.erfolgsprofil.ch\\\/home\\\/\"},{\"@type\":\"ListItem\",\"position\":2,\"name\":\"Erfolg\"}]},{\"@type\":\"WebSite\",\"@id\":\"http:\\\/\\\/www.erfolgsprofil.ch\\\/home\\\/#website\",\"url\":\"http:\\\/\\\/www.erfolgsprofil.ch\\\/home\\\/\",\"name\":\"Ihr Profil zum Erfolg!\",\"description\":\"Ihr Leben, Ihre Entscheidung - Ihr Profil zum Erfolg!\",\"potentialAction\":[{\"@type\":\"SearchAction\",\"target\":{\"@type\":\"EntryPoint\",\"urlTemplate\":\"http:\\\/\\\/www.erfolgsprofil.ch\\\/home\\\/?s={search_term_string}\"},\"query-input\":{\"@type\":\"PropertyValueSpecification\",\"valueRequired\":true,\"valueName\":\"search_term_string\"}}],\"inLanguage\":\"de-DE\"}]}<\/script>\n<!-- \/ Yoast SEO plugin. -->","yoast_head_json":{"title":"Erfolg - Ihr Profil zum Erfolg!","description":"Erinnern Sie sich an Ihren letzten grossen Erfolg? Welche Faktoren haben damals ineinander gegriffen? Denken Sie, es war nur Gl\u00fcck oder einfach Zufall?","robots":{"index":"index","follow":"follow","max-snippet":"max-snippet:-1","max-image-preview":"max-image-preview:large","max-video-preview":"max-video-preview:-1"},"canonical":"http:\/\/www.erfolgsprofil.ch\/home\/","og_locale":"de_DE","og_type":"article","og_title":"Erfolg - Ihr Profil zum Erfolg!","og_description":"Erinnern Sie sich an Ihren letzten grossen Erfolg? Welche Faktoren haben damals ineinander gegriffen? Denken Sie, es war nur Gl\u00fcck oder einfach Zufall?","og_url":"http:\/\/www.erfolgsprofil.ch\/home\/","og_site_name":"Ihr Profil zum Erfolg!","article_modified_time":"2014-06-12T17:27:26+00:00","og_image":[{"url":"http:\/\/www.erfolgsprofil.ch\/home\/wp-content\/uploads\/2014\/05\/wuerf.jpg","type":"","width":"","height":""}],"twitter_misc":{"Est. reading time":"1 Minute"},"schema":{"@context":"https:\/\/schema.org","@graph":[{"@type":"WebPage","@id":"http:\/\/www.erfolgsprofil.ch\/home\/","url":"http:\/\/www.erfolgsprofil.ch\/home\/","name":"Erfolg - Ihr Profil zum Erfolg!","isPartOf":{"@id":"http:\/\/www.erfolgsprofil.ch\/home\/#website"},"primaryImageOfPage":{"@id":"http:\/\/www.erfolgsprofil.ch\/home\/#primaryimage"},"image":{"@id":"http:\/\/www.erfolgsprofil.ch\/home\/#primaryimage"},"thumbnailUrl":"http:\/\/www.erfolgsprofil.ch\/home\/wp-content\/uploads\/2014\/05\/wuerf.jpg","datePublished":"2014-05-04T14:50:04+00:00","dateModified":"2014-06-12T17:27:26+00:00","description":"Erinnern Sie sich an Ihren letzten grossen Erfolg? Welche Faktoren haben damals ineinander gegriffen? Denken Sie, es war nur Gl\u00fcck oder einfach Zufall?","breadcrumb":{"@id":"http:\/\/www.erfolgsprofil.ch\/home\/#breadcrumb"},"inLanguage":"de-DE","potentialAction":[{"@type":"ReadAction","target":["http:\/\/www.erfolgsprofil.ch\/home\/"]}]},{"@type":"ImageObject","inLanguage":"de-DE","@id":"http:\/\/www.erfolgsprofil.ch\/home\/#primaryimage","url":"http:\/\/www.erfolgsprofil.ch\/home\/wp-content\/uploads\/2014\/05\/wuerf.jpg","contentUrl":"http:\/\/www.erfolgsprofil.ch\/home\/wp-content\/uploads\/2014\/05\/wuerf.jpg","width":1024,"height":358,"caption":"Bilderquelle:G\u00fcnther Gumhold - pixelio.de"},{"@type":"BreadcrumbList","@id":"http:\/\/www.erfolgsprofil.ch\/home\/#breadcrumb","itemListElement":[{"@type":"ListItem","position":1,"name":"Home","item":"http:\/\/www.erfolgsprofil.ch\/home\/"},{"@type":"ListItem","position":2,"name":"Erfolg"}]},{"@type":"WebSite","@id":"http:\/\/www.erfolgsprofil.ch\/home\/#website","url":"http:\/\/www.erfolgsprofil.ch\/home\/","name":"Ihr Profil zum Erfolg!","description":"Ihr Leben, Ihre Entscheidung - Ihr Profil zum Erfolg!","potentialAction":[{"@type":"SearchAction","target":{"@type":"EntryPoint","urlTemplate":"http:\/\/www.erfolgsprofil.ch\/home\/?s={search_term_string}"},"query-input":{"@type":"PropertyValueSpecification","valueRequired":true,"valueName":"search_term_string"}}],"inLanguage":"de-DE"}]}},"_links":{"self":[{"href":"http:\/\/www.erfolgsprofil.ch\/home\/wp-json\/wp\/v2\/pages\/109","targetHints":{"allow":["GET"]}}],"collection":[{"href":"http:\/\/www.erfolgsprofil.ch\/home\/wp-json\/wp\/v2\/pages"}],"about":[{"href":"http:\/\/www.erfolgsprofil.ch\/home\/wp-json\/wp\/v2\/types\/page"}],"author":[{"embeddable":true,"href":"http:\/\/www.erfolgsprofil.ch\/home\/wp-json\/wp\/v2\/users\/2"}],"replies":[{"embeddable":true,"href":"http:\/\/www.erfolgsprofil.ch\/home\/wp-json\/wp\/v2\/comments?post=109"}],"version-history":[{"count":45,"href":"http:\/\/www.erfolgsprofil.ch\/home\/wp-json\/wp\/v2\/pages\/109\/revisions"}],"predecessor-version":[{"id":296,"href":"http:\/\/www.erfolgsprofil.ch\/home\/wp-json\/wp\/v2\/pages\/109\/revisions\/296"}],"wp:attachment":[{"href":"http:\/\/www.erfolgsprofil.ch\/home\/wp-json\/wp\/v2\/media?parent=109"}],"curies":[{"name":"wp","href":"https:\/\/api.w.org\/{rel}","templated":true}]}}